{"id":779,"date":"2023-09-23T09:31:37","date_gmt":"2023-09-23T07:31:37","guid":{"rendered":"https:\/\/www.kiv-tecklenburg.de\/wordpress\/?page_id=779"},"modified":"2025-03-25T07:55:07","modified_gmt":"2025-03-25T06:55:07","slug":"maerkte-und-infostaende","status":"publish","type":"page","link":"https:\/\/www.kiv-tecklenburg.de\/wordpress\/maerkte-und-infostaende\/","title":{"rendered":"M\u00e4rkte und Infost\u00e4nde"},"content":{"rendered":"\n<p class=\"has-text-align-left\">Auf verschiedenen M\u00e4rkten und Volksfesten kann man unsere Mitgliedsvereine kontaktieren. Ob beim Honigkauf oder einem Beratungsgespr\u00e4ch, unsere Imker haben immer ein offenes Ohr f\u00fcr Sie.<\/p>\n\n\n<div class=\"wp-block-image\">\n<figure class=\"aligncenter size-full\"><img loading=\"lazy\" decoding=\"async\" width=\"600\" height=\"674\" src=\"https:\/\/www.kiv-tecklenburg.de\/wordpress\/wp-content\/uploads\/2023\/09\/234.gif\" alt=\"\" class=\"wp-image-806\"\/><\/figure>\n<\/div>\n\n\n<p><\/p>\n\n\n\n<p class=\"has-text-align-center\"><strong>IV Ibbenb\u00fcren<\/strong><\/p>\n\n\n\n<p>Allj\u00e4hrlich im Herbst steht der Info- und Verkaufsstand des IV Ibbenb\u00fcren auf dem Ibbenb\u00fcrener Volksfest &#8222;Tolle Knolle&#8220;.<\/p>\n\n\n<div class=\"wp-block-image\">\n<figure class=\"aligncenter size-full\"><img loading=\"lazy\" decoding=\"async\" width=\"600\" height=\"450\" src=\"https:\/\/www.kiv-tecklenburg.de\/wordpress\/wp-content\/uploads\/2023\/09\/IMG-20230923-WA0004.gif\" alt=\"\" class=\"wp-image-813\"\/><\/figure>\n<\/div>\n\n\n<p><\/p>\n\n\n\n<p class=\"has-text-align-center\"><strong>Imkerverein Kattenvenne<\/strong><\/p>\n\n\n<div class=\"wp-block-image\">\n<figure class=\"aligncenter size-full\"><img loading=\"lazy\" decoding=\"async\" width=\"600\" height=\"425\" src=\"https:\/\/www.kiv-tecklenburg.de\/wordpress\/wp-content\/uploads\/2023\/09\/IMG-20230923-WA0001.gif\" alt=\"\" class=\"wp-image-793\"\/><\/figure>\n<\/div>\n\n\n<p><\/p>\n\n\n\n<p class=\"has-text-align-left\">Der Imkerverein Kattenvenne steht traditionell auf dem &#8222;Kattenvenner Feierabendmarkt&#8220; (jeden 3. Mittwoch im Monat), dem Lienener &#8222;Lienendag&#8220; (jeden 1. Donnerstag im Monat) sowie dem Kattenvenner Weihnachtsmarkt und dem Lienener Weihnachtsmarkt.<\/p>\n\n\n\n<p><\/p>\n\n\n\n<p><\/p>\n\n\n<div class=\"wp-block-image\">\n<figure class=\"aligncenter size-full\"><img loading=\"lazy\" decoding=\"async\" width=\"600\" height=\"361\" src=\"https:\/\/www.kiv-tecklenburg.de\/wordpress\/wp-content\/uploads\/2023\/09\/IMG-20230923-WA0000.gif\" alt=\"\" class=\"wp-image-792\"\/><\/figure>\n<\/div>\n\n\n<p><\/p>\n\n\n\n<p class=\"has-text-align-center\"><strong>Imkerverein Lengerich<\/strong><\/p>\n\n\n\n<p class=\"has-text-align-left\">Der Imkerverein Lengerich steht traditionell auf dem Holl\u00e4ndischem Markt, dem Lengericher Brunnenfest, der Lengericher Schaftag, dem R\u00f6mermarkt und dem Lengericher Krippenmarkt.<\/p>\n\n\n\n<p><\/p>\n\n\n\n<p class=\"has-text-align-center\"><\/p>\n\n\n<div class=\"wp-block-image\">\n<figure class=\"aligncenter size-full is-resized\"><img loading=\"lazy\" decoding=\"async\" width=\"527\" height=\"600\" src=\"https:\/\/www.kiv-tecklenburg.de\/wordpress\/wp-content\/uploads\/2023\/09\/20220911_170418.gif\" alt=\"\" class=\"wp-image-786\" style=\"width:495px;height:564px\"\/><\/figure>\n<\/div>\n\n\n<p><\/p>\n\n\n<div class=\"wp-block-image\">\n<figure class=\"aligncenter size-large is-resized\"><img loading=\"lazy\" decoding=\"async\" width=\"1024\" height=\"637\" src=\"https:\/\/www.kiv-tecklenburg.de\/wordpress\/wp-content\/uploads\/2024\/02\/IMG-20231203-WA0004-1024x637.jpg\" alt=\"\" class=\"wp-image-951\" style=\"width:510px;height:auto\" srcset=\"https:\/\/www.kiv-tecklenburg.de\/wordpress\/wp-content\/uploads\/2024\/02\/IMG-20231203-WA0004-1024x637.jpg 1024w, https:\/\/www.kiv-tecklenburg.de\/wordpress\/wp-content\/uploads\/2024\/02\/IMG-20231203-WA0004-300x187.jpg 300w, https:\/\/www.kiv-tecklenburg.de\/wordpress\/wp-content\/uploads\/2024\/02\/IMG-20231203-WA0004-768x478.jpg 768w, https:\/\/www.kiv-tecklenburg.de\/wordpress\/wp-content\/uploads\/2024\/02\/IMG-20231203-WA0004-1536x956.jpg 1536w, https:\/\/www.kiv-tecklenburg.de\/wordpress\/wp-content\/uploads\/2024\/02\/IMG-20231203-WA0004-624x388.jpg 624w, https:\/\/www.kiv-tecklenburg.de\/wordpress\/wp-content\/uploads\/2024\/02\/IMG-20231203-WA0004.jpg 1599w\" sizes=\"auto, (max-width: 1024px) 100vw, 1024px\" \/><\/figure>\n<\/div>\n\n\n<p class=\"has-text-align-left\">Des Weiteren steht der Imkerverein Lengerich auf den Ostbevenern Volksfesten.<\/p>\n\n\n<div class=\"wp-block-image\">\n<figure class=\"aligncenter size-full\"><img loading=\"lazy\" decoding=\"async\" width=\"600\" height=\"381\" src=\"https:\/\/www.kiv-tecklenburg.de\/wordpress\/wp-content\/uploads\/2023\/09\/IMG-20220925-WA0007.gif\" alt=\"\" class=\"wp-image-790\"\/><\/figure>\n<\/div>\n\n\n<p><\/p>\n\n\n\n<p class=\"has-text-align-center\"><\/p>\n\n\n\n<p>Sollten Sie Interesse an einem Verkaufs- oder Infostand eines Mitgliedsvereines haben, wenden Sie sich an <a href=\"mailto:kontakt@kiv-tecklenburg.de\">kontakt@kiv-tecklenburg.de<\/a> .<\/p>\n\n\n\n<p class=\"has-text-align-center\"><strong>Termine<\/strong>:<\/p>\n\n\n\n<p>30.04.2025&nbsp;&nbsp;&nbsp;&nbsp;&nbsp;&nbsp;&nbsp;&nbsp;&nbsp;&nbsp;&nbsp;&nbsp;&nbsp;&nbsp;&nbsp;&nbsp;&nbsp;&nbsp;&nbsp;&nbsp;&nbsp;&nbsp;&nbsp; IV Kattenvenne: Lienendag, &nbsp;Lienen, Diekesdamm 1, Lienen<\/p>\n\n\n\n<p>18.05.2025&nbsp;&nbsp;&nbsp;&nbsp;&nbsp;&nbsp;&nbsp;&nbsp;&nbsp;&nbsp;&nbsp;&nbsp;&nbsp;&nbsp;&nbsp;&nbsp;&nbsp;&nbsp;&nbsp;&nbsp;&nbsp;&nbsp;&nbsp; IV Lengerich: Holl\u00e4ndischer Markt, Innenstadt Lengerich<\/p>\n\n\n\n<p>21.05.2025&nbsp;&nbsp;&nbsp;&nbsp;&nbsp;&nbsp;&nbsp;&nbsp;&nbsp;&nbsp;&nbsp;&nbsp;&nbsp;&nbsp;&nbsp;&nbsp;&nbsp;&nbsp;&nbsp;&nbsp;&nbsp;&nbsp;&nbsp; IV Kattenvenne: Feierabendmarkt Kattenvenne, Festplatz im Dorf Buchentorstra\u00dfe 17, Lienen<\/p>\n\n\n\n<p>05.06.2025 &nbsp;&nbsp;&nbsp;&nbsp;&nbsp;&nbsp;&nbsp;&nbsp;&nbsp;&nbsp;&nbsp;&nbsp;&nbsp;&nbsp;&nbsp;&nbsp;&nbsp;&nbsp;&nbsp;&nbsp;&nbsp; IV Kattenvenne: Lienendag, &nbsp;Lienen, Diekesdamm 1, Lienen<\/p>\n\n\n\n<p>18.06.2025&nbsp;&nbsp;&nbsp;&nbsp;&nbsp;&nbsp;&nbsp;&nbsp;&nbsp;&nbsp;&nbsp;&nbsp;&nbsp;&nbsp;&nbsp;&nbsp;&nbsp;&nbsp;&nbsp;&nbsp;&nbsp;&nbsp;&nbsp; IV Kattenvenne: Feierabendmarkt Kattenvenne, Festplatz im Dorf Buchentorstra\u00dfe 17, Lienen<\/p>\n\n\n\n<p>21.06.2025 &nbsp;&nbsp;&nbsp;&nbsp;&nbsp;&nbsp;&nbsp;&nbsp;&nbsp;&nbsp;&nbsp;&nbsp;&nbsp;&nbsp;&nbsp;&nbsp;&nbsp;&nbsp;&nbsp;&nbsp;&nbsp; IV Lengerich: Brunnenfest, Innenstadt Lengerich<\/p>\n\n\n\n<p>28.+29.06.2025 &nbsp;&nbsp;&nbsp;&nbsp;&nbsp;&nbsp;&nbsp;&nbsp;&nbsp;&nbsp;&nbsp;&nbsp;&nbsp;&nbsp; IV Lengerich: Ladberger SommerSummen, Innenstadt Ladbergen<\/p>\n\n\n\n<p>07.08.2025 &nbsp;&nbsp;&nbsp;&nbsp;&nbsp;&nbsp;&nbsp;&nbsp;&nbsp;&nbsp;&nbsp;&nbsp;&nbsp;&nbsp;&nbsp;&nbsp;&nbsp;&nbsp;&nbsp;&nbsp;&nbsp; IV Kattenvenne: Lienendag, &nbsp;Lienen, Diekesdamm 1, Lienen<\/p>\n\n\n\n<p>04.09.2025&nbsp; &nbsp;&nbsp;&nbsp;&nbsp;&nbsp;&nbsp;&nbsp;&nbsp;&nbsp;&nbsp;&nbsp;&nbsp;&nbsp;&nbsp;&nbsp;&nbsp;&nbsp;&nbsp;&nbsp;&nbsp; IV Kattenvenne: Lienendag, &nbsp;Lienen, Diekesdamm 1, Lienen<\/p>\n\n\n\n<p>17.09.2025&nbsp;&nbsp;&nbsp;&nbsp;&nbsp;&nbsp;&nbsp;&nbsp;&nbsp;&nbsp;&nbsp;&nbsp;&nbsp;&nbsp;&nbsp;&nbsp;&nbsp;&nbsp;&nbsp;&nbsp;&nbsp;&nbsp;&nbsp; IV Kattenvenne: Feierabendmarkt Kattenvenne, Festplatz im Dorf Buchentorstra\u00dfe 17, Lienen<\/p>\n\n\n\n<p>02.10.2025&nbsp;&nbsp;&nbsp;&nbsp;&nbsp;&nbsp;&nbsp;&nbsp;&nbsp;&nbsp;&nbsp;&nbsp;&nbsp;&nbsp;&nbsp;&nbsp;&nbsp;&nbsp;&nbsp;&nbsp;&nbsp;&nbsp;&nbsp; IV Kattenvenne: Lienendag, &nbsp;Lienen, Diekesdamm 1, Lienen<\/p>\n\n\n\n<p>12.10.2025 &nbsp;&nbsp;&nbsp;&nbsp;&nbsp;&nbsp;&nbsp;&nbsp;&nbsp;&nbsp;&nbsp;&nbsp;&nbsp;&nbsp;&nbsp;&nbsp;&nbsp;&nbsp;&nbsp;&nbsp;&nbsp; IV Lengerich: R\u00f6mermarkt, Innenstadt Lengerich<\/p>\n\n\n\n<p>11.+12.10.2025&nbsp;&nbsp;&nbsp;&nbsp;&nbsp;&nbsp;&nbsp;&nbsp;&nbsp;&nbsp;&nbsp;&nbsp;&nbsp;&nbsp;&nbsp;&nbsp; IV Ibbenb\u00fcren: Tolle Knolle, Innenstadt<\/p>\n\n\n\n<p>06.11.2025 &nbsp;&nbsp;&nbsp;&nbsp;&nbsp;&nbsp;&nbsp;&nbsp;&nbsp;&nbsp;&nbsp;&nbsp;&nbsp;&nbsp;&nbsp;&nbsp;&nbsp;&nbsp;&nbsp;&nbsp;&nbsp; IV Kattenvenne: Lienendag, &nbsp;Lienen, Diekesdamm 1, Lienen<\/p>\n\n\n\n<p>28.-30.11.2025 &nbsp;&nbsp;&nbsp;&nbsp;&nbsp;&nbsp;&nbsp;&nbsp;&nbsp;&nbsp;&nbsp;&nbsp;&nbsp;&nbsp;&nbsp; IV Lengerich: Krippenmarkt, Innenstadt Lengerich<\/p>\n\n\n\n<p><\/p>\n\n\n\n<p><\/p>\n\n\n\n<p><\/p>\n\n\n<div class=\"wp-block-image\">\n<figure class=\"aligncenter size-large is-resized\"><img loading=\"lazy\" decoding=\"async\" width=\"1024\" height=\"576\" src=\"https:\/\/www.kiv-tecklenburg.de\/wordpress\/wp-content\/uploads\/2023\/09\/IMG-20230923-WA0002-1-1024x576.jpg\" alt=\"\" class=\"wp-image-801\" style=\"width:643px;height:362px\" srcset=\"https:\/\/www.kiv-tecklenburg.de\/wordpress\/wp-content\/uploads\/2023\/09\/IMG-20230923-WA0002-1-1024x576.jpg 1024w, https:\/\/www.kiv-tecklenburg.de\/wordpress\/wp-content\/uploads\/2023\/09\/IMG-20230923-WA0002-1-300x169.jpg 300w, https:\/\/www.kiv-tecklenburg.de\/wordpress\/wp-content\/uploads\/2023\/09\/IMG-20230923-WA0002-1-768x432.jpg 768w, https:\/\/www.kiv-tecklenburg.de\/wordpress\/wp-content\/uploads\/2023\/09\/IMG-20230923-WA0002-1-1536x864.jpg 1536w, https:\/\/www.kiv-tecklenburg.de\/wordpress\/wp-content\/uploads\/2023\/09\/IMG-20230923-WA0002-1-624x351.jpg 624w, https:\/\/www.kiv-tecklenburg.de\/wordpress\/wp-content\/uploads\/2023\/09\/IMG-20230923-WA0002-1.jpg 1920w\" sizes=\"auto, (max-width: 1024px) 100vw, 1024px\" \/><\/figure>\n<\/div>","protected":false},"excerpt":{"rendered":"<p>Auf verschiedenen M\u00e4rkten und Volksfesten kann man unsere Mitgliedsvereine kontaktieren. Ob beim Honigkauf oder einem Beratungsgespr\u00e4ch, unsere Imker haben immer ein offenes Ohr f\u00fcr Sie. IV Ibbenb\u00fcren Allj\u00e4hrlich im Herbst steht der Info- und Verkaufsstand des IV Ibbenb\u00fcren auf dem Ibbenb\u00fcrener Volksfest &#8222;Tolle Knolle&#8220;. Imkerverein Kattenvenne Der Imkerverein Kattenvenne steht traditionell auf dem &#8222;Kattenvenner Feierabendmarkt&#8220; (jeden 3. Mittwoch im Monat),&#8230; <a href=\"https:\/\/www.kiv-tecklenburg.de\/wordpress\/maerkte-und-infostaende\/\">Read more &raquo;<\/a><\/p>\n","protected":false},"author":4,"featured_media":0,"parent":0,"menu_order":0,"comment_status":"closed","ping_status":"closed","template":"","meta":{"footnotes":""},"class_list":["post-779","page","type-page","status-publish","hentry"],"_links":{"self":[{"href":"https:\/\/www.kiv-tecklenburg.de\/wordpress\/wp-json\/wp\/v2\/pages\/779","targetHints":{"allow":["GET"]}}],"collection":[{"href":"https:\/\/www.kiv-tecklenburg.de\/wordpress\/wp-json\/wp\/v2\/pages"}],"about":[{"href":"https:\/\/www.kiv-tecklenburg.de\/wordpress\/wp-json\/wp\/v2\/types\/page"}],"author":[{"embeddable":true,"href":"https:\/\/www.kiv-tecklenburg.de\/wordpress\/wp-json\/wp\/v2\/users\/4"}],"replies":[{"embeddable":true,"href":"https:\/\/www.kiv-tecklenburg.de\/wordpress\/wp-json\/wp\/v2\/comments?post=779"}],"version-history":[{"count":25,"href":"https:\/\/www.kiv-tecklenburg.de\/wordpress\/wp-json\/wp\/v2\/pages\/779\/revisions"}],"predecessor-version":[{"id":1100,"href":"https:\/\/www.kiv-tecklenburg.de\/wordpress\/wp-json\/wp\/v2\/pages\/779\/revisions\/1100"}],"wp:attachment":[{"href":"https:\/\/www.kiv-tecklenburg.de\/wordpress\/wp-json\/wp\/v2\/media?parent=779"}],"curies":[{"name":"wp","href":"https:\/\/api.w.org\/{rel}","templated":true}]}}