{"id":764,"date":"2023-09-19T14:22:32","date_gmt":"2023-09-19T12:22:32","guid":{"rendered":"https:\/\/www.kiv-tecklenburg.de\/wordpress\/?page_id=764"},"modified":"2024-09-09T10:42:27","modified_gmt":"2024-09-09T08:42:27","slug":"imkerliche-grundschulungen","status":"publish","type":"page","link":"https:\/\/www.kiv-tecklenburg.de\/wordpress\/imkerliche-grundschulungen\/","title":{"rendered":"Imkerliche Grundschulungen"},"content":{"rendered":"\n<p>Sie tr\u00e4umen von einer Verbindung zur Natur, m\u00f6chten die Umwelt sch\u00fctzen und gleichzeitig k\u00f6stlichen Honig ernten oder Bienenwachskerzen gie\u00dfen? Dann k\u00f6nnte die Imkerei genau das Richtige f\u00fcr Sie sein. Imkern ist nicht nur ein Hobby, sondern auch eine wertvolle T\u00e4tigkeit f\u00fcr die Umwelt. Bienen sind unverzichtbare Best\u00e4uber f\u00fcr viele Pflanzen, einschlie\u00dflich der einheimischen Pflanzen, die unserer Ern\u00e4hrung dienen. Als Imker tr\u00e4gst Du aktiv zum Erhalt der Bienenpopulation bei und unterst\u00fctzt die Artenvielfalt. Eine F\u00fclle von B\u00fcchern und eine Vielzahl an YouTube-Videos erwecken den Anschein, man k\u00f6nne sich das Imkern selbst beibringen. Erfahrungsgem\u00e4\u00df funktioniert dies nicht. Jedes Jahr erreichen uns Anrufe frustrierter Neuimker die im Alleingang gescheitert sind. &nbsp; Das Internet ist voll von \u00fcberteuerten Angeboten, Fertigkisten und Bauk\u00e4sten findiger Gesch\u00e4ftsleute, mit denen angeblich jeder ohne Vorkenntnisse imkern kann. In aller Regel ist die Entt\u00e4uschung gro\u00df. Nicht umsonst setzen sich diese \u201eBienenkisten\u201c in der Imkerschaft nicht durch. Neue Entwicklungen sind stets willkommen, aber die bestehenden Systeme sind im Gegensatz zu den \u201erevolution\u00e4ren Neuentwicklungen\u201c das Ergebnis und die Weiterentwicklung jahrhundertelanger Erfahrung. &nbsp; die Weiterentwicklung jahrhundertelanger Erfahrung. <\/p>\n\n\n\n<figure class=\"wp-block-table\"><table><tbody><tr><td><\/td><\/tr><\/tbody><\/table><\/figure>\n\n\n<div class=\"wp-block-image\">\n<figure class=\"aligncenter size-full is-resized\"><img loading=\"lazy\" decoding=\"async\" width=\"600\" height=\"338\" src=\"https:\/\/www.kiv-tecklenburg.de\/wordpress\/wp-content\/uploads\/2023\/09\/20230325_174540.gif\" alt=\"\" class=\"wp-image-766\" style=\"width:692px;height:390px\"\/><\/figure>\n<\/div>\n\n\n<p><strong>Was vermittelt der Grundkurs?<\/strong><\/p>\n\n\n\n<p><strong>1. Verantwortung f\u00fcr Bienenv\u00f6lker:<\/strong> Imkerei ist mehr als nur das Sammeln von Honig. Als Imker tr\u00e4gt man die Verantwortung f\u00fcr das Wohlergehen der Bienenv\u00f6lker. Die Schulung vermittelt grundlegende Kenntnisse \u00fcber das Verhalten von Bienen und Ihre Bed\u00fcrfnisse.<\/p>\n\n\n\n<p><strong>2. Gemeinschaft und Erfahrungsaustausch:<\/strong> Imker-Vereine und Schulungen bieten die M\u00f6glichkeit, sich mit anderen Imkern auszutauschen und von ihrer Erfahrung zu profitieren. Dies kann wertvolle Unterst\u00fctzung sein.<\/p>\n\n\n\n<p><strong>3. Sicherheit:<\/strong> Der Umgang mit Bienen erfordert spezielle F\u00e4higkeiten und Kenntnisse, die praktische \u00dcbung erfordern.<\/p>\n\n\n\n<p><strong>4. Gesetzliche Anforderungen:<\/strong> In Deutschland unterliegt die Imkerei bestimmten gesetzlichen Vorschriften und Richtlinien. Eine Grundschulung hilft Anf\u00e4ngern, diese Vorschriften zu verstehen und einzuhalten, um rechtliche Probleme zu vermeiden.<\/p>\n\n\n\n<p><strong>5. Honigernte und -verarbeitung:<\/strong> Das Ernten von Honig ist ein wichtiger Teil der Imkerei. Eine Schulung vermittelt Techniken zur richtigen Ernte und Verarbeitung von Honig, um eine hohe Qualit\u00e4t und Sicherheit zu gew\u00e4hrleisten.<\/p>\n\n\n\n<p><strong>6. Bienenkrankheiten und -sch\u00e4dlinge:<\/strong> Bienen haben wie alle Lebewesen Krankheiten und k\u00f6nnen von Sch\u00e4dlingen befallen werden. Eine imkerliche Grundschulung hilft Anf\u00e4ngern, diese Probleme zu erkennen und effektive Ma\u00dfnahmen zur Vorbeugung und Behandlung zu erlernen. Dies ist entscheidend, um die Gesundheit der Bienen und ihr \u00dcberleben und zu gew\u00e4hrleisten. <\/p>\n\n\n\n<p><strong>Einstieg mit System !<\/strong><\/p>\n\n\n\n<p>Nehmen Sie Kontakt zu einem Imkerverein auf. Gerne werden Sie dort beraten. Oft bietet sich sogar die Gelegenheit g\u00fcnstig gebrauchtes Material zu erwerben.<\/p>\n\n\n\n<p>Unverzichtbar ist ein erfahrener Imker-Pate, dem man \u00fcber die Schulter schaut und der einem hilft, die Zeichen im Bienenvolk richtig zu lesen und zu deuten.<\/p>\n\n\n\n<p>M\u00f6chte man aber ein fundiertes Wissen aufbauen, so kommt man um einen Grundkurs nicht herum. Alle 4 \u2013 6 Wochen vermittelt ein speziell ausgebildeter Schulungsimker das theoretische Wissen \u00fcber die zu diesem Zeitpunkt im Bienenvolk stattfindenden Prozesse und f\u00fchrt an speziellen Schulungsv\u00f6lkern die daraus resultierenden praktischen Arbeiten vor. Es empfiehlt sich, jeden Kurstag zu besuchen.<\/p>\n\n\n\n<p>Im Gebiet des Kreisimkervereines sind folgende Kurse geplant:<\/p>\n\n\n\n<p><strong>2025 Lengerich<\/strong><\/p>\n\n\n\n<p>Der Lengericher Kurs zeichnet sich durch folgende Besonderheiten aus:<\/p>\n\n\n\n<p>Der Lengericher Kurs ist Teil des Netzwerkes \u201ePia-Aumeier-Anf\u00e4ngerkurse\u201c.<\/p>\n\n\n\n<p>&nbsp;Dies bedeutet, dass man ohne Probleme &#8211; sollte man an einem Termin verhindert sein &#8211; exakt den verpassten Inhalt in einem anderen Verbundverein vor- oder nachbesuchen kann. Sollte keiner der entsprechenden Termine in Frage kommen, gibt es die M\u00f6glichkeit, die Inhalte des Kurstages online zu jedem gew\u00fcnschten Zeitpunkt als Video zu sehen. Eine weitere Lengericher Besonderheit ist, dass die Kursteilnehmer zwei Jahre lang betreut werden, da die meisten Fragen erst dann auftauchen, wenn man alleine vor seinem Bienenvolk steht. Im zweiten Jahr treffen sich die Absolventen mit dem Schulungsreferenten umlaufend an ihren eigenen Bienenst\u00e4nden, um anliegende Probleme zu er\u00f6rtern und sich auszutauschen. Aus diesem Grund bietet unser Verein derzeit nur alle zwei Jahre Grundkurse an.<\/p>\n\n\n\n<p><a href=\"https:\/\/www.imkerverein-lengerich.de\/index.php\/grundschulung-2023\" data-type=\"link\" data-id=\"https:\/\/www.imkerverein-lengerich.de\/index.php\/grundschulung-2023\">Genauere Infos zum Kurs gibt es  hier.<\/a>    <\/p>\n\n\n\n<p><strong>Der Kurs beginnt mit einem kostenlosen Schnuppertag mit Dr. Pia Aumeier am 01.02.2025 von 10:00 &#8211; 16:00 Uhr im Sitzungsraum der Stadtsparkasse.<\/strong> <\/p>\n\n\n\n<p>Die weiteren Kurstage sind: <strong>15.03., 03.05., 17.05., 07.06., 12.07., 30.08. und der 15.11..<\/strong> Der theoretische Unterricht findet im Sitzungsraum der Stadtsparkasse Lengerich statt, der anschlie\u00dfende praktische Unterricht an einem nahegelegenen Bienenstand. Sollte die Anmeldezahl 20 Teilnehmer \u00fcberschreiten, werden wir jeweils einen Tag vorher einen zweiten Kurs in Ostbevern abhalten. Die Teilnehmer k\u00f6nnen jeweils frei w\u00e4hlen an welchem Termin, bzw. Veranstaltungsort sie teilnehmen m\u00f6chten.<\/p>\n\n\n\n<p><\/p>\n\n\n\n<figure class=\"wp-block-image size-full\"><img loading=\"lazy\" decoding=\"async\" width=\"700\" height=\"525\" src=\"https:\/\/www.kiv-tecklenburg.de\/wordpress\/wp-content\/uploads\/2024\/09\/schnuppertag3.jpg\" alt=\"\" class=\"wp-image-1034\" srcset=\"https:\/\/www.kiv-tecklenburg.de\/wordpress\/wp-content\/uploads\/2024\/09\/schnuppertag3.jpg 700w, https:\/\/www.kiv-tecklenburg.de\/wordpress\/wp-content\/uploads\/2024\/09\/schnuppertag3-300x225.jpg 300w, https:\/\/www.kiv-tecklenburg.de\/wordpress\/wp-content\/uploads\/2024\/09\/schnuppertag3-624x468.jpg 624w\" sizes=\"auto, (max-width: 700px) 100vw, 700px\" \/><\/figure>\n\n\n\n<p><em>Die Veranstalter des Lengericher Kurses 2025: Schulungsreferent Robert Laufer, Zoologin Dr. Pia Ameier und Vorsitzender IV Lengerich Andreas Noll. Bild: Hans Butterhof \/ IVL<\/em><\/p>\n\n\n\n<p><\/p>\n\n\n\n<p><strong>2024 Ibbenb\u00fcren<\/strong><\/p>\n\n\n\n<p>Der Ibbenb\u00fcrener Kurs zeichnet sich durch folgende Besonderheiten aus:<\/p>\n\n\n\n<div data-wp-interactive=\"core\/file\" class=\"wp-block-file\"><object data-wp-bind--hidden=\"!state.hasPdfPreview\" hidden class=\"wp-block-file__embed\" data=\"https:\/\/www.kiv-tecklenburg.de\/wordpress\/wp-content\/uploads\/2023\/10\/Grundschulung-Imker-Flyer-2024-1.pdf\" type=\"application\/pdf\" style=\"width:100%;height:600px\" aria-label=\"Einbettung von Grundschulung-Imker-Flyer-2024-1.\"><\/object><a id=\"wp-block-file--media-463d9725-3c0e-4d36-a09b-78c30f5aecac\" href=\"https:\/\/www.kiv-tecklenburg.de\/wordpress\/wp-content\/uploads\/2023\/10\/Grundschulung-Imker-Flyer-2024-1.pdf\">Grundschulung-Imker-Flyer-2024-1<\/a><a href=\"https:\/\/www.kiv-tecklenburg.de\/wordpress\/wp-content\/uploads\/2023\/10\/Grundschulung-Imker-Flyer-2024-1.pdf\" class=\"wp-block-file__button wp-element-button\" download aria-describedby=\"wp-block-file--media-463d9725-3c0e-4d36-a09b-78c30f5aecac\">Herunterladen<\/a><\/div>\n\n\n\n<p>Kontakt unter: <\/p>\n\n\n\n<div class=\"wp-block-media-text is-stacked-on-mobile\" style=\"grid-template-columns:22% auto\"><figure class=\"wp-block-media-text__media\"><img loading=\"lazy\" decoding=\"async\" width=\"221\" height=\"300\" src=\"https:\/\/www.kiv-tecklenburg.de\/wordpress\/wp-content\/uploads\/2023\/09\/Ralf-Watermann.gif\" alt=\"\" class=\"wp-image-697 size-full\"\/><\/figure><div class=\"wp-block-media-text__content\">\n<p><\/p>\n\n\n\n<p><strong>Ralf Watermann \/ Schulungsreferent im Landesverband Westf\u00e4lischer und Lippischer Imker<\/strong><\/p>\n\n\n\n<p>Geranienweg3<\/p>\n\n\n\n<p>49477 Ibbenb\u00fcren<\/p>\n\n\n\n<p>Telefon: 05951-4994826<\/p>\n\n\n\n<p>E-Mail: Ralf_Luikenga(at)web(dot)de<\/p>\n<\/div><\/div>\n\n\n\n<p><\/p>\n\n\n\n<p><strong>2025 \/ 2026 Lengerich<\/strong><\/p>\n\n\n\n<p>Der Lengericher Kurs ist Teil des Netzwerkes \u201ePia-Aumeier-Anf\u00e4ngerkurse\u201c. &nbsp;Dies bedeutet, dass man ohne Probleme &#8211; sollte man an einem Termin verhindert sein &#8211; exakt den verpassten Inhalt in einem anderen Verbundverein vor- oder nachbesuchen kann. Sollte keiner der entsprechenden Termine in Frage kommen, gibt es die M\u00f6glichkeit, die Inhalte des Kurstages online zu jedem gew\u00fcnschten Zeitpunkt als Video zu sehen. Eine weitere Lengericher Besonderheit ist, dass die Kursteilnehmer zwei Jahre lang betreut werden, da die meisten Fragen erst dann auftauchen, wenn man alleine vor seinem Bienenvolk steht. Im zweiten Jahr treffen sich die Absolventen mit dem Schulungsreferenten umlaufend an ihren eigenen Bienenst\u00e4nden, um anliegende Probleme zu er\u00f6rtern und sich auszutauschen. Aus diesem Grund bietet unser Verein derzeit nur alle zwei Jahre Grundkurse an. Der n\u00e4chste beginnt im Fr\u00fchjahr 2025.<\/p>\n\n\n\n<p><\/p>\n\n\n\n<div class=\"wp-block-media-text is-stacked-on-mobile\" style=\"grid-template-columns:23% auto\"><figure class=\"wp-block-media-text__media\"><img loading=\"lazy\" decoding=\"async\" width=\"217\" height=\"300\" src=\"https:\/\/www.kiv-tecklenburg.de\/wordpress\/wp-content\/uploads\/2023\/09\/Andreas-Nollkl.gif\" alt=\"\" class=\"wp-image-688 size-full\"\/><\/figure><div class=\"wp-block-media-text__content\">\n<p><strong>1. Vorsitzender<\/strong><\/p>\n\n\n\n<p><strong>Andreas Noll<\/strong><\/p>\n\n\n\n<p>Anschrift:<br>Kienebrinkstr. 26<br>49525 Lengerich<br>Telefon: 0162-7019658<br>E-Mail: kontakt(at)imkerverein-lengerich(dot)de<\/p>\n<\/div><\/div>\n","protected":false},"excerpt":{"rendered":"<p>Sie tr\u00e4umen von einer Verbindung zur Natur, m\u00f6chten die Umwelt sch\u00fctzen und gleichzeitig k\u00f6stlichen Honig ernten oder Bienenwachskerzen gie\u00dfen? Dann k\u00f6nnte die Imkerei genau das Richtige f\u00fcr Sie sein. Imkern ist nicht nur ein Hobby, sondern auch eine wertvolle T\u00e4tigkeit f\u00fcr die Umwelt. Bienen sind unverzichtbare Best\u00e4uber f\u00fcr viele Pflanzen, einschlie\u00dflich der einheimischen Pflanzen, die unserer Ern\u00e4hrung dienen. Als Imker&#8230; <a href=\"https:\/\/www.kiv-tecklenburg.de\/wordpress\/imkerliche-grundschulungen\/\">Read more &raquo;<\/a><\/p>\n","protected":false},"author":4,"featured_media":0,"parent":0,"menu_order":0,"comment_status":"closed","ping_status":"closed","template":"","meta":{"footnotes":""},"class_list":["post-764","page","type-page","status-publish","hentry"],"_links":{"self":[{"href":"https:\/\/www.kiv-tecklenburg.de\/wordpress\/wp-json\/wp\/v2\/pages\/764","targetHints":{"allow":["GET"]}}],"collection":[{"href":"https:\/\/www.kiv-tecklenburg.de\/wordpress\/wp-json\/wp\/v2\/pages"}],"about":[{"href":"https:\/\/www.kiv-tecklenburg.de\/wordpress\/wp-json\/wp\/v2\/types\/page"}],"author":[{"embeddable":true,"href":"https:\/\/www.kiv-tecklenburg.de\/wordpress\/wp-json\/wp\/v2\/users\/4"}],"replies":[{"embeddable":true,"href":"https:\/\/www.kiv-tecklenburg.de\/wordpress\/wp-json\/wp\/v2\/comments?post=764"}],"version-history":[{"count":17,"href":"https:\/\/www.kiv-tecklenburg.de\/wordpress\/wp-json\/wp\/v2\/pages\/764\/revisions"}],"predecessor-version":[{"id":1036,"href":"https:\/\/www.kiv-tecklenburg.de\/wordpress\/wp-json\/wp\/v2\/pages\/764\/revisions\/1036"}],"wp:attachment":[{"href":"https:\/\/www.kiv-tecklenburg.de\/wordpress\/wp-json\/wp\/v2\/media?parent=764"}],"curies":[{"name":"wp","href":"https:\/\/api.w.org\/{rel}","templated":true}]}}