{"id":651,"date":"2023-08-23T11:11:14","date_gmt":"2023-08-23T09:11:14","guid":{"rendered":"https:\/\/www.kiv-tecklenburg.de\/wordpress\/?page_id=651"},"modified":"2026-01-14T18:29:21","modified_gmt":"2026-01-14T17:29:21","slug":"bienengesundheit-bienensachverstaendige","status":"publish","type":"page","link":"https:\/\/www.kiv-tecklenburg.de\/wordpress\/bienengesundheit-bienensachverstaendige\/","title":{"rendered":"Bienengesundheit \/ Bienensachverst\u00e4ndige"},"content":{"rendered":"\n<p>Der Obmann f\u00fcr Bienengesundheit ist als Bienensachverst\u00e4ndiger im Landesverband Ansprechpartner f\u00fcr alle Themen rund um Vorbeugung, Diagnose und Behandlung von Bienenkrankheiten. Er ist Bindeglied zwischen Wissenschaft, Amtsveterin\u00e4r und der Imkerschaft.<\/p>\n\n\n\n<div class=\"wp-block-media-text alignwide is-stacked-on-mobile\" style=\"grid-template-columns:21% auto\"><figure class=\"wp-block-media-text__media\"><img loading=\"lazy\" decoding=\"async\" width=\"197\" height=\"300\" src=\"https:\/\/www.kiv-tecklenburg.de\/wordpress\/wp-content\/uploads\/2023\/09\/Robert-Laufer-2.gif\" alt=\"\" class=\"wp-image-754 size-full\"\/><\/figure><div class=\"wp-block-media-text__content\">\n<p><strong>Robert Laufer<\/strong><\/p>\n\n\n\n<p><strong>Obmann f\u00fcr Bienengesundheit \/ Bienensachverst\u00e4ndiger des Landesverbandes<\/strong><\/p>\n\n\n\n<p>Anschrift:<br>Lintvenn 22<br>48346 Ostbevern-Brock<br>Telefon: 02532-957104<br>E-Mail: grewe-laufer(at)t-online(dot)de<\/p>\n<\/div><\/div>\n\n\n\n<p><strong>Folgende Bienensachverst\u00e4ndige sind im Kreisimkerverein t\u00e4tig<\/strong>:<\/p>\n\n\n\n<p><\/p>\n\n\n\n<p><strong>IV Westerkappeln:<\/strong><\/p>\n\n\n\n<div class=\"wp-block-media-text alignwide is-stacked-on-mobile\" style=\"grid-template-columns:21% auto\"><figure class=\"wp-block-media-text__media\"><img loading=\"lazy\" decoding=\"async\" width=\"227\" height=\"300\" src=\"https:\/\/www.kiv-tecklenburg.de\/wordpress\/wp-content\/uploads\/2023\/09\/Thomas-Leeker.gif\" alt=\"\" class=\"wp-image-709 size-full\"\/><\/figure><div class=\"wp-block-media-text__content\">\n<p><strong>Thomas Leeker \/ Bienensachverst\u00e4ndiger des Landesverbandes<\/strong><\/p>\n\n\n\n<p>Anschrift:<br>Schafberg 39<br>49492 Westerkappeln<br>Telefon: 05404-6057<br>E-Mail: thomas.leeker(at)gmx(dot)de<\/p>\n<\/div><\/div>\n\n\n\n<p><\/p>\n\n\n\n<p><strong>IV Ibbenb\u00fcren:<\/strong><\/p>\n\n\n\n<div class=\"wp-block-media-text alignwide is-stacked-on-mobile\" style=\"grid-template-columns:22% auto\"><figure class=\"wp-block-media-text__media\"><img loading=\"lazy\" decoding=\"async\" width=\"221\" height=\"300\" src=\"https:\/\/www.kiv-tecklenburg.de\/wordpress\/wp-content\/uploads\/2023\/09\/Ralf-Watermann.gif\" alt=\"\" class=\"wp-image-697 size-full\"\/><\/figure><div class=\"wp-block-media-text__content\">\n<p><strong>Ralf Watermann \/ Bienensachverst\u00e4ndiger des Landesverbandes<\/strong><\/p>\n\n\n\n<p>Geranienweg3<\/p>\n\n\n\n<p>49477 Ibbenb\u00fcren<\/p>\n\n\n\n<p>Telefon: 05951-4994826<\/p>\n\n\n\n<p>E-Mail: Ralf_Luikenga(at)web(dot)de<\/p>\n<\/div><\/div>\n\n\n\n<p><\/p>\n\n\n\n<p><strong>IV Mettingen:<\/strong><\/p>\n\n\n\n<div class=\"wp-block-media-text alignwide is-stacked-on-mobile\" style=\"grid-template-columns:20% auto\"><figure class=\"wp-block-media-text__media\"><img loading=\"lazy\" decoding=\"async\" width=\"212\" height=\"300\" src=\"https:\/\/www.kiv-tecklenburg.de\/wordpress\/wp-content\/uploads\/2023\/08\/reinhold-schmidt.gif\" alt=\"\" class=\"wp-image-675 size-full\"\/><\/figure><div class=\"wp-block-media-text__content\">\n<p><strong>Reinhold Schmidt \/ Bienensachverst\u00e4ndiger des Landesverbandes<\/strong><\/p>\n\n\n\n<p>Fliederstr.16<\/p>\n\n\n\n<p>48496 Hopsten<\/p>\n\n\n\n<p>Telefon: 05458-985196<\/p>\n<\/div><\/div>\n\n\n\n<p><\/p>\n\n\n\n<p><strong>IV Lengerich:<\/strong><\/p>\n\n\n\n<div class=\"wp-block-media-text alignwide is-stacked-on-mobile\" style=\"grid-template-columns:20% auto\"><figure class=\"wp-block-media-text__media\"><img loading=\"lazy\" decoding=\"async\" width=\"216\" height=\"300\" src=\"https:\/\/www.kiv-tecklenburg.de\/wordpress\/wp-content\/uploads\/2023\/09\/Guido-Meier.gif\" alt=\"\" class=\"wp-image-695 size-full\"\/><\/figure><div class=\"wp-block-media-text__content\">\n<p><strong>Guido Meier \/ Bienensachverst\u00e4ndiger des Landesverbandes<\/strong> <\/p>\n\n\n\n<p>M\u00fcnsterstr.12<\/p>\n\n\n\n<p>49504 Lotte<\/p>\n\n\n\n<p>Telefon: 05405 6168817<\/p>\n<\/div><\/div>\n\n\n\n<p><\/p>\n\n\n\n<div class=\"wp-block-media-text alignwide is-stacked-on-mobile\" style=\"grid-template-columns:21% auto\"><figure class=\"wp-block-media-text__media\"><img loading=\"lazy\" decoding=\"async\" width=\"204\" height=\"300\" src=\"https:\/\/www.kiv-tecklenburg.de\/wordpress\/wp-content\/uploads\/2023\/09\/Armin-Linke.gif\" alt=\"\" class=\"wp-image-722 size-full\"\/><\/figure><div class=\"wp-block-media-text__content\">\n<p><strong>Armin Linke \/ Bienensachverst\u00e4ndiger des Landesverbandes<\/strong><\/p>\n\n\n\n<p>Richard-Wagner-Str. 39<\/p>\n\n\n\n<p>49525 Lengerich<\/p>\n\n\n\n<p>05481-1870<\/p>\n<\/div><\/div>\n\n\n\n<p><\/p>\n\n\n\n<div class=\"wp-block-media-text alignwide is-stacked-on-mobile\" style=\"grid-template-columns:24% auto\"><figure class=\"wp-block-media-text__media\"><img loading=\"lazy\" decoding=\"async\" width=\"600\" height=\"800\" src=\"https:\/\/www.kiv-tecklenburg.de\/wordpress\/wp-content\/uploads\/2024\/04\/sarah-laufer.jpg\" alt=\"\" class=\"wp-image-982 size-full\" srcset=\"https:\/\/www.kiv-tecklenburg.de\/wordpress\/wp-content\/uploads\/2024\/04\/sarah-laufer.jpg 600w, https:\/\/www.kiv-tecklenburg.de\/wordpress\/wp-content\/uploads\/2024\/04\/sarah-laufer-225x300.jpg 225w\" sizes=\"auto, (max-width: 600px) 100vw, 600px\" \/><\/figure><div class=\"wp-block-media-text__content\">\n<p><\/p>\n\n\n\n<p><strong>Sarah Laufer \/ Bienensachverst\u00e4ndige des Landesverbandes<\/strong><\/p>\n\n\n\n<p>Lintvenn 22<br>48346 Ostbevern-Brock<\/p>\n\n\n\n<p>sarah.laufe(at)t-online(dot)de<\/p>\n\n\n\n<p><\/p>\n<\/div><\/div>\n\n\n\n<p><\/p>\n\n\n\n<div class=\"wp-block-media-text alignwide is-stacked-on-mobile\" style=\"grid-template-columns:21% auto\"><figure class=\"wp-block-media-text__media\"><img loading=\"lazy\" decoding=\"async\" width=\"345\" height=\"371\" src=\"https:\/\/www.kiv-tecklenburg.de\/wordpress\/wp-content\/uploads\/2025\/04\/WhatsApp-Bild-2025-03-31-um-08.51.50_1c70c616.jpg\" alt=\"\" class=\"wp-image-1103 size-full\" srcset=\"https:\/\/www.kiv-tecklenburg.de\/wordpress\/wp-content\/uploads\/2025\/04\/WhatsApp-Bild-2025-03-31-um-08.51.50_1c70c616.jpg 345w, https:\/\/www.kiv-tecklenburg.de\/wordpress\/wp-content\/uploads\/2025\/04\/WhatsApp-Bild-2025-03-31-um-08.51.50_1c70c616-279x300.jpg 279w\" sizes=\"auto, (max-width: 345px) 100vw, 345px\" \/><\/figure><div class=\"wp-block-media-text__content\">\n<p><strong>Martin Winter \/ Bienensachverst\u00e4ndiger des Landesverbandes<\/strong><\/p>\n\n\n\n<p>Telefon: 0151 20447618<\/p>\n\n\n\n<p>E-Mail: martin.w11(at)web.de<\/p>\n<\/div><\/div>\n","protected":false},"excerpt":{"rendered":"<p>Der Obmann f\u00fcr Bienengesundheit ist als Bienensachverst\u00e4ndiger im Landesverband Ansprechpartner f\u00fcr alle Themen rund um Vorbeugung, Diagnose und Behandlung von Bienenkrankheiten. Er ist Bindeglied zwischen Wissenschaft, Amtsveterin\u00e4r und der Imkerschaft. Robert Laufer Obmann f\u00fcr Bienengesundheit \/ Bienensachverst\u00e4ndiger des Landesverbandes Anschrift:Lintvenn 2248346 Ostbevern-BrockTelefon: 02532-957104E-Mail: grewe-laufer(at)t-online(dot)de Folgende Bienensachverst\u00e4ndige sind im Kreisimkerverein t\u00e4tig: IV Westerkappeln: Thomas Leeker \/ Bienensachverst\u00e4ndiger des Landesverbandes Anschrift:Schafberg 3949492&#8230; <a href=\"https:\/\/www.kiv-tecklenburg.de\/wordpress\/bienengesundheit-bienensachverstaendige\/\">Read more &raquo;<\/a><\/p>\n","protected":false},"author":4,"featured_media":0,"parent":0,"menu_order":0,"comment_status":"closed","ping_status":"closed","template":"","meta":{"footnotes":""},"class_list":["post-651","page","type-page","status-publish","hentry"],"_links":{"self":[{"href":"https:\/\/www.kiv-tecklenburg.de\/wordpress\/wp-json\/wp\/v2\/pages\/651","targetHints":{"allow":["GET"]}}],"collection":[{"href":"https:\/\/www.kiv-tecklenburg.de\/wordpress\/wp-json\/wp\/v2\/pages"}],"about":[{"href":"https:\/\/www.kiv-tecklenburg.de\/wordpress\/wp-json\/wp\/v2\/types\/page"}],"author":[{"embeddable":true,"href":"https:\/\/www.kiv-tecklenburg.de\/wordpress\/wp-json\/wp\/v2\/users\/4"}],"replies":[{"embeddable":true,"href":"https:\/\/www.kiv-tecklenburg.de\/wordpress\/wp-json\/wp\/v2\/comments?post=651"}],"version-history":[{"count":21,"href":"https:\/\/www.kiv-tecklenburg.de\/wordpress\/wp-json\/wp\/v2\/pages\/651\/revisions"}],"predecessor-version":[{"id":1174,"href":"https:\/\/www.kiv-tecklenburg.de\/wordpress\/wp-json\/wp\/v2\/pages\/651\/revisions\/1174"}],"wp:attachment":[{"href":"https:\/\/www.kiv-tecklenburg.de\/wordpress\/wp-json\/wp\/v2\/media?parent=651"}],"curies":[{"name":"wp","href":"https:\/\/api.w.org\/{rel}","templated":true}]}}