{"id":597,"date":"2023-08-13T08:17:25","date_gmt":"2023-08-13T06:17:25","guid":{"rendered":"https:\/\/www.kiv-tecklenburg.de\/wordpress\/?page_id=597"},"modified":"2024-04-21T08:08:38","modified_gmt":"2024-04-21T06:08:38","slug":"vorstand-3","status":"publish","type":"page","link":"https:\/\/www.kiv-tecklenburg.de\/wordpress\/vorstand-3\/","title":{"rendered":"Vorstand"},"content":{"rendered":"\n<h1 class=\"wp-block-heading\"><\/h1>\n\n\n\n<p id=\"block-8165c334-7a7b-4045-a8d7-2563fb65bfd5\">Der Vorstand setzt sich aus dem gesch\u00e4ftsf\u00fchrendem Vorstand mit den beiden Vorsitzenden, dem Kassierer und dem Schriftf\u00fchrer zusammen, zum erweiterten Vorstand geh\u00f6ren die Obleute.<\/p>\n\n\n\n<p><a href=\"https:\/\/www.kiv-tecklenburg.de\/wordpress\/vorstand-2\/\">Vorstand des KIV:<\/a><\/p>\n\n\n\n<p><a href=\"https:\/\/www.kiv-tecklenburg.de\/wordpress\/vorsitzende-der-ortsvereine\/\">Vorsitzende der Ortsvereine:<\/a><\/p>\n","protected":false},"excerpt":{"rendered":"<p>Der Vorstand setzt sich aus dem gesch\u00e4ftsf\u00fchrendem Vorstand mit den beiden Vorsitzenden, dem Kassierer und dem Schriftf\u00fchrer zusammen, zum erweiterten Vorstand geh\u00f6ren die Obleute. Vorstand des KIV: Vorsitzende der Ortsvereine:<\/p>\n","protected":false},"author":4,"featured_media":0,"parent":0,"menu_order":0,"comment_status":"closed","ping_status":"closed","template":"","meta":{"footnotes":""},"class_list":["post-597","page","type-page","status-publish","hentry"],"_links":{"self":[{"href":"https:\/\/www.kiv-tecklenburg.de\/wordpress\/wp-json\/wp\/v2\/pages\/597","targetHints":{"allow":["GET"]}}],"collection":[{"href":"https:\/\/www.kiv-tecklenburg.de\/wordpress\/wp-json\/wp\/v2\/pages"}],"about":[{"href":"https:\/\/www.kiv-tecklenburg.de\/wordpress\/wp-json\/wp\/v2\/types\/page"}],"author":[{"embeddable":true,"href":"https:\/\/www.kiv-tecklenburg.de\/wordpress\/wp-json\/wp\/v2\/users\/4"}],"replies":[{"embeddable":true,"href":"https:\/\/www.kiv-tecklenburg.de\/wordpress\/wp-json\/wp\/v2\/comments?post=597"}],"version-history":[{"count":2,"href":"https:\/\/www.kiv-tecklenburg.de\/wordpress\/wp-json\/wp\/v2\/pages\/597\/revisions"}],"predecessor-version":[{"id":965,"href":"https:\/\/www.kiv-tecklenburg.de\/wordpress\/wp-json\/wp\/v2\/pages\/597\/revisions\/965"}],"wp:attachment":[{"href":"https:\/\/www.kiv-tecklenburg.de\/wordpress\/wp-json\/wp\/v2\/media?parent=597"}],"curies":[{"name":"wp","href":"https:\/\/api.w.org\/{rel}","templated":true}]}}