{"id":576,"date":"2023-08-13T07:45:58","date_gmt":"2023-08-13T05:45:58","guid":{"rendered":"https:\/\/www.kiv-tecklenburg.de\/wordpress\/?page_id=576"},"modified":"2025-04-02T02:43:14","modified_gmt":"2025-04-02T00:43:14","slug":"vorstand-2","status":"publish","type":"page","link":"https:\/\/www.kiv-tecklenburg.de\/wordpress\/vorstand-2\/","title":{"rendered":"Vorstand des KIV"},"content":{"rendered":"\n<p>Der Vorstand setzt sich aus dem gesch\u00e4ftsf\u00fchrendem Vorstand mit den beiden Vorsitzenden, dem Kassierer und dem Schriftf\u00fchrer zusammen, zum erweiterten Vorstand geh\u00f6ren die Obleute.<\/p>\n\n\n\n<p><strong>Gesch\u00e4ftsf\u00fchrender Vorstand:<\/strong><\/p>\n\n\n\n<div class=\"wp-block-media-text is-stacked-on-mobile\" style=\"grid-template-columns:23% auto\"><figure class=\"wp-block-media-text__media\"><img loading=\"lazy\" decoding=\"async\" width=\"217\" height=\"300\" src=\"https:\/\/www.kiv-tecklenburg.de\/wordpress\/wp-content\/uploads\/2023\/09\/Andreas-Nollkl.gif\" alt=\"\" class=\"wp-image-688 size-full\"\/><\/figure><div class=\"wp-block-media-text__content\">\n<p>1<strong>. Kreisvorsitzender<\/strong><\/p>\n\n\n\n<p><strong>Andreas Noll<\/strong><\/p>\n\n\n\n<p>Anschrift:<br>Kienebrinkstr. 26<br>49525 Lengerich<br>Telefon: 0162-7019658<\/p>\n\n\n\n<p>E-Mail:kontakt(at)kiv-tecklenburg(dot)de<\/p>\n<\/div><\/div>\n\n\n\n<p id=\"block-605ed990-a669-4cd7-8771-757b5a87ab41\"><\/p>\n\n\n\n<div class=\"wp-block-media-text alignwide is-stacked-on-mobile\" style=\"grid-template-columns:20% auto\"><figure class=\"wp-block-media-text__media\"><img loading=\"lazy\" decoding=\"async\" width=\"227\" height=\"300\" src=\"https:\/\/www.kiv-tecklenburg.de\/wordpress\/wp-content\/uploads\/2023\/09\/Thomas-Leeker.gif\" alt=\"\" class=\"wp-image-709 size-full\"\/><\/figure><div class=\"wp-block-media-text__content\">\n<p><strong>2. Kreisv<\/strong><strong>orsitze<\/strong><strong>nder<\/strong><\/p>\n\n\n\n<p><strong>Thomas Leeker<\/strong><\/p>\n\n\n\n<p>Anschrift:<br>Schafberg 39<br>49492 Westerkappeln<br>Telefon: 05404-6057<br>E-Mail: thomas.leeker(at)gmx(dot)de<\/p>\n<\/div><\/div>\n\n\n\n<div class=\"wp-block-media-text alignwide is-stacked-on-mobile\" style=\"grid-template-columns:21% auto\"><figure class=\"wp-block-media-text__media\"><img loading=\"lazy\" decoding=\"async\" width=\"132\" height=\"180\" src=\"https:\/\/www.kiv-tecklenburg.de\/wordpress\/wp-content\/uploads\/2023\/08\/Beatrix-Pliet.gif\" alt=\"\" class=\"wp-image-525 size-full\"\/><\/figure><div class=\"wp-block-media-text__content\">\n<p><strong>Kreiskassenwartin<\/strong><\/p>\n\n\n\n<p><strong>Beatrix Pliet<\/strong><\/p>\n\n\n\n<p>Anschrift:<br>An der Umfluth 138<br>49479 Ibbenb\u00fcren<\/p>\n\n\n\n<p><br>Telefon: 05451-96119<\/p>\n\n\n\n<p><\/p>\n\n\n\n<p><\/p>\n\n\n\n<p><\/p>\n<\/div><\/div>\n\n\n\n<div class=\"wp-block-media-text alignwide is-stacked-on-mobile\" style=\"grid-template-columns:21% auto\"><figure class=\"wp-block-media-text__media\"><img loading=\"lazy\" decoding=\"async\" width=\"197\" height=\"300\" src=\"https:\/\/www.kiv-tecklenburg.de\/wordpress\/wp-content\/uploads\/2023\/09\/Robert-Laufer-2.gif\" alt=\"\" class=\"wp-image-754 size-full\"\/><\/figure><div class=\"wp-block-media-text__content\">\n<p><strong>Kreisschriftf\u00fchrer <\/strong><\/p>\n\n\n\n<p><strong>Robert Laufer<\/strong><\/p>\n\n\n\n<p>Anschrift:<br>Lintvenn 22<br>48346 Ostbevern-Brock<br>Telefon: 02532-957104<br>E-Mail: grewe-laufer(at)t-online(dot)de<\/p>\n\n\n\n<p><\/p>\n\n\n\n<p><\/p>\n<\/div><\/div>\n\n\n\n<p><\/p>\n\n\n\n<p><strong>Erweiteter Vorstand:<\/strong><\/p>\n\n\n\n<p><\/p>\n\n\n\n<p><\/p>\n\n\n\n<div class=\"wp-block-media-text alignwide is-stacked-on-mobile\" style=\"grid-template-columns:21% auto\"><figure class=\"wp-block-media-text__media\"><img loading=\"lazy\" decoding=\"async\" width=\"512\" height=\"768\" src=\"https:\/\/www.kiv-tecklenburg.de\/wordpress\/wp-content\/uploads\/2016\/02\/Alexander-Machelett.jpg\" alt=\"\" class=\"wp-image-155 size-full\" srcset=\"https:\/\/www.kiv-tecklenburg.de\/wordpress\/wp-content\/uploads\/2016\/02\/Alexander-Machelett.jpg 512w, https:\/\/www.kiv-tecklenburg.de\/wordpress\/wp-content\/uploads\/2016\/02\/Alexander-Machelett-200x300.jpg 200w\" sizes=\"auto, (max-width: 512px) 100vw, 512px\" \/><\/figure><div class=\"wp-block-media-text__content\">\n<p><strong>K<\/strong><strong>reis-Honigobmann<\/strong><\/p>\n\n\n\n<p>Alexander Machelett<\/p>\n\n\n\n<p>Telefon: 0163-8359404<br>E-Mail: Alexander-Machelett(at)web(dot)de<\/p>\n\n\n\n<p><\/p>\n<\/div><\/div>\n\n\n\n<div class=\"wp-block-media-text alignwide is-stacked-on-mobile\" style=\"grid-template-columns:21% auto\"><figure class=\"wp-block-media-text__media\"><img loading=\"lazy\" decoding=\"async\" width=\"345\" height=\"371\" src=\"https:\/\/www.kiv-tecklenburg.de\/wordpress\/wp-content\/uploads\/2025\/04\/WhatsApp-Bild-2025-03-31-um-08.51.50_1c70c616.jpg\" alt=\"\" class=\"wp-image-1103 size-full\" srcset=\"https:\/\/www.kiv-tecklenburg.de\/wordpress\/wp-content\/uploads\/2025\/04\/WhatsApp-Bild-2025-03-31-um-08.51.50_1c70c616.jpg 345w, https:\/\/www.kiv-tecklenburg.de\/wordpress\/wp-content\/uploads\/2025\/04\/WhatsApp-Bild-2025-03-31-um-08.51.50_1c70c616-279x300.jpg 279w\" sizes=\"auto, (max-width: 345px) 100vw, 345px\" \/><\/figure><div class=\"wp-block-media-text__content\">\n<p><strong>Kreis-Zuchtobmann \u201eCarnica\u201c<\/strong><\/p>\n\n\n\n<p>Martin Winter<\/p>\n\n\n\n<p><\/p>\n\n\n\n<p>Telefon: 0151 20447618<\/p>\n\n\n\n<p>E-Mail: martin.w11(at)web.de<\/p>\n\n\n\n<p><\/p>\n<\/div><\/div>\n\n\n\n<div class=\"wp-block-media-text alignwide is-stacked-on-mobile\" style=\"grid-template-columns:21% auto\"><figure class=\"wp-block-media-text__media\"><img loading=\"lazy\" decoding=\"async\" width=\"802\" height=\"1024\" src=\"https:\/\/www.kiv-tecklenburg.de\/wordpress\/wp-content\/uploads\/2025\/04\/Bernhard-Wallmeier-1-802x1024.jpg\" alt=\"\" class=\"wp-image-1106 size-full\" srcset=\"https:\/\/www.kiv-tecklenburg.de\/wordpress\/wp-content\/uploads\/2025\/04\/Bernhard-Wallmeier-1-802x1024.jpg 802w, https:\/\/www.kiv-tecklenburg.de\/wordpress\/wp-content\/uploads\/2025\/04\/Bernhard-Wallmeier-1-235x300.jpg 235w, https:\/\/www.kiv-tecklenburg.de\/wordpress\/wp-content\/uploads\/2025\/04\/Bernhard-Wallmeier-1-768x981.jpg 768w, https:\/\/www.kiv-tecklenburg.de\/wordpress\/wp-content\/uploads\/2025\/04\/Bernhard-Wallmeier-1-1203x1536.jpg 1203w, https:\/\/www.kiv-tecklenburg.de\/wordpress\/wp-content\/uploads\/2025\/04\/Bernhard-Wallmeier-1-624x797.jpg 624w, https:\/\/www.kiv-tecklenburg.de\/wordpress\/wp-content\/uploads\/2025\/04\/Bernhard-Wallmeier-1.jpg 1506w\" sizes=\"auto, (max-width: 802px) 100vw, 802px\" \/><\/figure><div class=\"wp-block-media-text__content\">\n<p><strong>Kreis-Zuchtobmann \u201eCarnica\u201c<\/strong><\/p>\n\n\n\n<p>Bernhard Wallmeyer<\/p>\n\n\n\n<p>Anschrift:<br>Otten Damm 21<br>49525 Lengerich<br>Telefon: 01771 696225<\/p>\n\n\n\n<p>Bernhard.Wallmeyer(at)gmail.com<\/p>\n\n\n\n<p><\/p>\n<\/div><\/div>\n\n\n\n<div class=\"wp-block-media-text alignwide is-stacked-on-mobile\" style=\"grid-template-columns:21% auto\"><figure class=\"wp-block-media-text__media\"><img loading=\"lazy\" decoding=\"async\" width=\"211\" height=\"300\" src=\"https:\/\/www.kiv-tecklenburg.de\/wordpress\/wp-content\/uploads\/2023\/09\/Andreas-Martens2.gif\" alt=\"\" class=\"wp-image-759 size-full\"\/><\/figure><div class=\"wp-block-media-text__content\">\n<p><strong>Kreis-Zuchtobmann \u201eBuckfast\u201c<\/strong><\/p>\n\n\n\n<p>Andreas Martens<\/p>\n\n\n\n<p>Anschrift:<br>Heuweg 17b<br>49545 Tecklenburg-Leeden<br>Telefon: 05405-80105<\/p>\n<\/div><\/div>\n\n\n\n<div class=\"wp-block-media-text is-stacked-on-mobile\" style=\"grid-template-columns:24% auto\"><figure class=\"wp-block-media-text__media\"><img loading=\"lazy\" decoding=\"async\" width=\"600\" height=\"800\" src=\"https:\/\/www.kiv-tecklenburg.de\/wordpress\/wp-content\/uploads\/2024\/04\/sarah-laufer.jpg\" alt=\"\" class=\"wp-image-982 size-full\" srcset=\"https:\/\/www.kiv-tecklenburg.de\/wordpress\/wp-content\/uploads\/2024\/04\/sarah-laufer.jpg 600w, https:\/\/www.kiv-tecklenburg.de\/wordpress\/wp-content\/uploads\/2024\/04\/sarah-laufer-225x300.jpg 225w\" sizes=\"auto, (max-width: 600px) 100vw, 600px\" \/><\/figure><div class=\"wp-block-media-text__content\">\n<p><strong>Kreisobfrau f\u00fcr \u00d6ffentlichkeitsarbeit<\/strong><\/p>\n\n\n\n<p>Sarah Laufer<\/p>\n\n\n\n<p>Lintvenn 22<br>48346 Ostbevern-Brock<\/p>\n\n\n\n<p>sarah.laufe(at)t-online(dot)de<\/p>\n<\/div><\/div>\n","protected":false},"excerpt":{"rendered":"<p>Der Vorstand setzt sich aus dem gesch\u00e4ftsf\u00fchrendem Vorstand mit den beiden Vorsitzenden, dem Kassierer und dem Schriftf\u00fchrer zusammen, zum erweiterten Vorstand geh\u00f6ren die Obleute. Gesch\u00e4ftsf\u00fchrender Vorstand: 1. Kreisvorsitzender Andreas Noll Anschrift:Kienebrinkstr. 2649525 LengerichTelefon: 0162-7019658 E-Mail:kontakt(at)kiv-tecklenburg(dot)de 2. Kreisvorsitzender Thomas Leeker Anschrift:Schafberg 3949492 WesterkappelnTelefon: 05404-6057E-Mail: thomas.leeker(at)gmx(dot)de Kreiskassenwartin Beatrix Pliet Anschrift:An der Umfluth 13849479 Ibbenb\u00fcren Telefon: 05451-96119 Kreisschriftf\u00fchrer Robert Laufer Anschrift:Lintvenn 2248346 Ostbevern-BrockTelefon:&#8230; <a href=\"https:\/\/www.kiv-tecklenburg.de\/wordpress\/vorstand-2\/\">Read more &raquo;<\/a><\/p>\n","protected":false},"author":4,"featured_media":0,"parent":0,"menu_order":0,"comment_status":"closed","ping_status":"closed","template":"","meta":{"footnotes":""},"class_list":["post-576","page","type-page","status-publish","hentry"],"_links":{"self":[{"href":"https:\/\/www.kiv-tecklenburg.de\/wordpress\/wp-json\/wp\/v2\/pages\/576","targetHints":{"allow":["GET"]}}],"collection":[{"href":"https:\/\/www.kiv-tecklenburg.de\/wordpress\/wp-json\/wp\/v2\/pages"}],"about":[{"href":"https:\/\/www.kiv-tecklenburg.de\/wordpress\/wp-json\/wp\/v2\/types\/page"}],"author":[{"embeddable":true,"href":"https:\/\/www.kiv-tecklenburg.de\/wordpress\/wp-json\/wp\/v2\/users\/4"}],"replies":[{"embeddable":true,"href":"https:\/\/www.kiv-tecklenburg.de\/wordpress\/wp-json\/wp\/v2\/comments?post=576"}],"version-history":[{"count":25,"href":"https:\/\/www.kiv-tecklenburg.de\/wordpress\/wp-json\/wp\/v2\/pages\/576\/revisions"}],"predecessor-version":[{"id":1108,"href":"https:\/\/www.kiv-tecklenburg.de\/wordpress\/wp-json\/wp\/v2\/pages\/576\/revisions\/1108"}],"wp:attachment":[{"href":"https:\/\/www.kiv-tecklenburg.de\/wordpress\/wp-json\/wp\/v2\/media?parent=576"}],"curies":[{"name":"wp","href":"https:\/\/api.w.org\/{rel}","templated":true}]}}