{"id":559,"date":"2023-08-12T12:36:29","date_gmt":"2023-08-12T10:36:29","guid":{"rendered":"https:\/\/www.kiv-tecklenburg.de\/wordpress\/?page_id=559"},"modified":"2026-01-14T18:15:33","modified_gmt":"2026-01-14T17:15:33","slug":"zuchtwesen","status":"publish","type":"page","link":"https:\/\/www.kiv-tecklenburg.de\/wordpress\/zuchtwesen\/","title":{"rendered":"Zuchtwesen"},"content":{"rendered":"\n<p>Zuchtobm\u00e4nner beraten alle Mitglieder in Fragen der K\u00f6niginnenzucht, pflegen Reinzuchtk\u00f6niginnen die j\u00e4hrlich erneuert werden und stellen Zuchtstoff f\u00fcr Mitglieder bei speziellen Umlarftagen oder nach Terminvereinbarung kostenlos zur Verf\u00fcgung.<\/p>\n\n\n\n<p><\/p>\n\n\n\n<div class=\"wp-block-media-text is-stacked-on-mobile\" style=\"grid-template-columns:21% auto\"><figure class=\"wp-block-media-text__media\"><img loading=\"lazy\" decoding=\"async\" width=\"211\" height=\"300\" src=\"https:\/\/www.kiv-tecklenburg.de\/wordpress\/wp-content\/uploads\/2023\/09\/Andreas-Martens2.gif\" alt=\"\" class=\"wp-image-759 size-full\"\/><\/figure><div class=\"wp-block-media-text__content\">\n<p><strong>Kreis-Zuchtobmann \u201eBuckfast\u201c<\/strong><\/p>\n\n\n\n<p>Andreas Martens<br>Heuweg 17b<br>49545 Tecklenburg-Leeden<br>Telefon: 05405-80105<\/p>\n<\/div><\/div>\n\n\n\n<p><strong>F\u00fcr den Bereich Carnica haben wir eine Doppelspitze, die sich insbesondere der Varroatoleranzzucht widmet.<\/strong><\/p>\n\n\n\n<p><\/p>\n\n\n\n<div class=\"wp-block-media-text is-stacked-on-mobile\" style=\"grid-template-columns:27% auto\"><figure class=\"wp-block-media-text__media\"><img loading=\"lazy\" decoding=\"async\" width=\"802\" height=\"1024\" src=\"https:\/\/www.kiv-tecklenburg.de\/wordpress\/wp-content\/uploads\/2025\/04\/Bernhard-Wallmeier-802x1024.jpg\" alt=\"\" class=\"wp-image-1105 size-full\" srcset=\"https:\/\/www.kiv-tecklenburg.de\/wordpress\/wp-content\/uploads\/2025\/04\/Bernhard-Wallmeier-802x1024.jpg 802w, https:\/\/www.kiv-tecklenburg.de\/wordpress\/wp-content\/uploads\/2025\/04\/Bernhard-Wallmeier-235x300.jpg 235w, https:\/\/www.kiv-tecklenburg.de\/wordpress\/wp-content\/uploads\/2025\/04\/Bernhard-Wallmeier-768x981.jpg 768w, https:\/\/www.kiv-tecklenburg.de\/wordpress\/wp-content\/uploads\/2025\/04\/Bernhard-Wallmeier-1203x1536.jpg 1203w, https:\/\/www.kiv-tecklenburg.de\/wordpress\/wp-content\/uploads\/2025\/04\/Bernhard-Wallmeier-624x797.jpg 624w, https:\/\/www.kiv-tecklenburg.de\/wordpress\/wp-content\/uploads\/2025\/04\/Bernhard-Wallmeier.jpg 1506w\" sizes=\"auto, (max-width: 802px) 100vw, 802px\" \/><\/figure><div class=\"wp-block-media-text__content\">\n<p><strong>Kreis-Zuchtobmann \u201eCarnica\u201c<\/strong><\/p>\n\n\n\n<p>Bernhard Wallmeyer<\/p>\n\n\n\n<p>Anschrift:<br>Otten Damm 21<br>49525 Lengerich<br>Telefon: 01771 696225<\/p>\n\n\n\n<p>Bernhard.Wallmeyer(at)gmail.com<\/p>\n<\/div><\/div>\n\n\n\n<p><\/p>\n\n\n\n<div class=\"wp-block-media-text alignwide is-stacked-on-mobile\" style=\"grid-template-columns:29% auto\"><figure class=\"wp-block-media-text__media\"><img loading=\"lazy\" decoding=\"async\" width=\"345\" height=\"371\" src=\"https:\/\/www.kiv-tecklenburg.de\/wordpress\/wp-content\/uploads\/2025\/04\/WhatsApp-Bild-2025-03-31-um-08.51.50_1c70c616.jpg\" alt=\"\" class=\"wp-image-1103 size-full\" srcset=\"https:\/\/www.kiv-tecklenburg.de\/wordpress\/wp-content\/uploads\/2025\/04\/WhatsApp-Bild-2025-03-31-um-08.51.50_1c70c616.jpg 345w, https:\/\/www.kiv-tecklenburg.de\/wordpress\/wp-content\/uploads\/2025\/04\/WhatsApp-Bild-2025-03-31-um-08.51.50_1c70c616-279x300.jpg 279w\" sizes=\"auto, (max-width: 345px) 100vw, 345px\" \/><\/figure><div class=\"wp-block-media-text__content\">\n<p><strong>Kreis-Zuchtobmann \u201eCarnica\u201c<\/strong><\/p>\n\n\n\n<p>Martin Winter<\/p>\n\n\n\n<p>Telefon: 0151 20447618<\/p>\n\n\n\n<p>E-Mail: martin.w11(at)web.de<\/p>\n\n\n\n<p><\/p>\n<\/div><\/div>\n\n\n\n<p><\/p>\n","protected":false},"excerpt":{"rendered":"<p>Zuchtobm\u00e4nner beraten alle Mitglieder in Fragen der K\u00f6niginnenzucht, pflegen Reinzuchtk\u00f6niginnen die j\u00e4hrlich erneuert werden und stellen Zuchtstoff f\u00fcr Mitglieder bei speziellen Umlarftagen oder nach Terminvereinbarung kostenlos zur Verf\u00fcgung. Kreis-Zuchtobmann \u201eBuckfast\u201c Andreas MartensHeuweg 17b49545 Tecklenburg-LeedenTelefon: 05405-80105 F\u00fcr den Bereich Carnica haben wir eine Doppelspitze, die sich insbesondere der Varroatoleranzzucht widmet. Kreis-Zuchtobmann \u201eCarnica\u201c Bernhard Wallmeyer Anschrift:Otten Damm 2149525 LengerichTelefon: 01771 696225 Bernhard.Wallmeyer(at)gmail.com&#8230; <a href=\"https:\/\/www.kiv-tecklenburg.de\/wordpress\/zuchtwesen\/\">Read more &raquo;<\/a><\/p>\n","protected":false},"author":4,"featured_media":0,"parent":0,"menu_order":0,"comment_status":"closed","ping_status":"closed","template":"","meta":{"footnotes":""},"class_list":["post-559","page","type-page","status-publish","hentry"],"_links":{"self":[{"href":"https:\/\/www.kiv-tecklenburg.de\/wordpress\/wp-json\/wp\/v2\/pages\/559","targetHints":{"allow":["GET"]}}],"collection":[{"href":"https:\/\/www.kiv-tecklenburg.de\/wordpress\/wp-json\/wp\/v2\/pages"}],"about":[{"href":"https:\/\/www.kiv-tecklenburg.de\/wordpress\/wp-json\/wp\/v2\/types\/page"}],"author":[{"embeddable":true,"href":"https:\/\/www.kiv-tecklenburg.de\/wordpress\/wp-json\/wp\/v2\/users\/4"}],"replies":[{"embeddable":true,"href":"https:\/\/www.kiv-tecklenburg.de\/wordpress\/wp-json\/wp\/v2\/comments?post=559"}],"version-history":[{"count":12,"href":"https:\/\/www.kiv-tecklenburg.de\/wordpress\/wp-json\/wp\/v2\/pages\/559\/revisions"}],"predecessor-version":[{"id":1172,"href":"https:\/\/www.kiv-tecklenburg.de\/wordpress\/wp-json\/wp\/v2\/pages\/559\/revisions\/1172"}],"wp:attachment":[{"href":"https:\/\/www.kiv-tecklenburg.de\/wordpress\/wp-json\/wp\/v2\/media?parent=559"}],"curies":[{"name":"wp","href":"https:\/\/api.w.org\/{rel}","templated":true}]}}