{"id":554,"date":"2023-08-12T12:20:13","date_gmt":"2023-08-12T10:20:13","guid":{"rendered":"https:\/\/www.kiv-tecklenburg.de\/wordpress\/?page_id=554"},"modified":"2023-12-26T20:23:34","modified_gmt":"2023-12-26T19:23:34","slug":"honig","status":"publish","type":"page","link":"https:\/\/www.kiv-tecklenburg.de\/wordpress\/honig\/","title":{"rendered":"Honig"},"content":{"rendered":"\n<p>Honigsachverst\u00e4ndige sind Fachleute in allen Fragen der Honigerzeugung, -verarbeitung und-lagerung, Sie sind Referenten f\u00fcr die Erlangung des Sachkundenachweises Honig, sind berechtigt bei Honigbewertungen als Pr\u00fcfer zu arbeiten, ziehen Proben bei den Mitgliedern und arbeiten in Fachaussch\u00fcssen an der Entwicklung der Qualit\u00e4tsstandarts mit.<\/p>\n\n\n\n<p><\/p>\n\n\n\n<p><\/p>\n\n\n\n<div class=\"wp-block-media-text alignwide is-stacked-on-mobile\" style=\"grid-template-columns:16% auto\"><figure class=\"wp-block-media-text__media\"><img loading=\"lazy\" decoding=\"async\" width=\"512\" height=\"768\" src=\"https:\/\/www.kiv-tecklenburg.de\/wordpress\/wp-content\/uploads\/2016\/02\/Alexander-Machelett.jpg\" alt=\"\" class=\"wp-image-155 size-full\" srcset=\"https:\/\/www.kiv-tecklenburg.de\/wordpress\/wp-content\/uploads\/2016\/02\/Alexander-Machelett.jpg 512w, https:\/\/www.kiv-tecklenburg.de\/wordpress\/wp-content\/uploads\/2016\/02\/Alexander-Machelett-200x300.jpg 200w\" sizes=\"auto, (max-width: 512px) 100vw, 512px\" \/><\/figure><div class=\"wp-block-media-text__content\">\n<p><strong>Kreis-Honigobmann<\/strong><\/p>\n\n\n\n<p>Alexander Machelett \/ Honigsachverst\u00e4ndiger des Landesverbandes<\/p>\n\n\n\n<p>Telefon: 0163-8359404<br>E-Mail: Alexander-Machelett(at)web(dot)de<\/p>\n<\/div><\/div>\n\n\n\n<p><\/p>\n\n\n\n<div class=\"wp-block-media-text is-stacked-on-mobile\" style=\"grid-template-columns:17% auto\"><figure class=\"wp-block-media-text__media\"><img loading=\"lazy\" decoding=\"async\" width=\"195\" height=\"300\" src=\"https:\/\/www.kiv-tecklenburg.de\/wordpress\/wp-content\/uploads\/2023\/09\/Albrecht-Liese.gif\" alt=\"\" class=\"wp-image-685 size-full\"\/><\/figure><div class=\"wp-block-media-text__content\">\n<p>Albrecht Liese \/ Honigsachverst\u00e4ndiger des Landesverbandes<\/p>\n\n\n\n<p>Hortensienweg 10<\/p>\n\n\n\n<p>49525 Lengerich<\/p>\n\n\n\n<p>Telefon: 05481 &#8211; 7087<\/p>\n<\/div><\/div>\n\n\n\n<div class=\"wp-block-media-text is-stacked-on-mobile\" style=\"grid-template-columns:18% auto\"><figure class=\"wp-block-media-text__media\"><img loading=\"lazy\" decoding=\"async\" width=\"204\" height=\"300\" src=\"https:\/\/www.kiv-tecklenburg.de\/wordpress\/wp-content\/uploads\/2023\/09\/Armin-Linke.gif\" alt=\"\" class=\"wp-image-722 size-full\"\/><\/figure><div class=\"wp-block-media-text__content\">\n<p>Armin Linke \/ Honigsachverst\u00e4ndiger des Landesverbandes<\/p>\n\n\n\n<p>Richard-Wagner-Str. 39<\/p>\n\n\n\n<p>49525 Lengerich<\/p>\n\n\n\n<p>05481-1870<\/p>\n\n\n\n<p><\/p>\n<\/div><\/div>\n\n\n\n<div class=\"wp-block-media-text is-stacked-on-mobile\" style=\"grid-template-columns:23% auto\"><figure class=\"wp-block-media-text__media\"><img loading=\"lazy\" decoding=\"async\" width=\"550\" height=\"717\" src=\"https:\/\/www.kiv-tecklenburg.de\/wordpress\/wp-content\/uploads\/2023\/12\/Tanja-Borgert-1.jpg\" alt=\"\" class=\"wp-image-928 size-full\" srcset=\"https:\/\/www.kiv-tecklenburg.de\/wordpress\/wp-content\/uploads\/2023\/12\/Tanja-Borgert-1.jpg 550w, https:\/\/www.kiv-tecklenburg.de\/wordpress\/wp-content\/uploads\/2023\/12\/Tanja-Borgert-1-230x300.jpg 230w\" sizes=\"auto, (max-width: 550px) 100vw, 550px\" \/><\/figure><div class=\"wp-block-media-text__content\">\n<p><\/p>\n\n\n\n<p>Tanja Borgert \/ Honigsachverst\u00e4ndige und Jurorin bei den Honigbewertungen des Landesverbandes<\/p>\n\n\n\n<p>An der Bahn 40<\/p>\n\n\n\n<p>49479 Ibbenb\u00fcren<\/p>\n\n\n\n<p>05451 999451 und 0177 1598662, TanjaBorgert(at)gmx(dot)de<\/p>\n\n\n\n<p><\/p>\n<\/div><\/div>\n","protected":false},"excerpt":{"rendered":"<p>Honigsachverst\u00e4ndige sind Fachleute in allen Fragen der Honigerzeugung, -verarbeitung und-lagerung, Sie sind Referenten f\u00fcr die Erlangung des Sachkundenachweises Honig, sind berechtigt bei Honigbewertungen als Pr\u00fcfer zu arbeiten, ziehen Proben bei den Mitgliedern und arbeiten in Fachaussch\u00fcssen an der Entwicklung der Qualit\u00e4tsstandarts mit. Kreis-Honigobmann Alexander Machelett \/ Honigsachverst\u00e4ndiger des Landesverbandes Telefon: 0163-8359404E-Mail: Alexander-Machelett(at)web(dot)de Albrecht Liese \/ Honigsachverst\u00e4ndiger des Landesverbandes Hortensienweg 10&#8230; <a href=\"https:\/\/www.kiv-tecklenburg.de\/wordpress\/honig\/\">Read more &raquo;<\/a><\/p>\n","protected":false},"author":4,"featured_media":0,"parent":0,"menu_order":0,"comment_status":"closed","ping_status":"closed","template":"","meta":{"footnotes":""},"class_list":["post-554","page","type-page","status-publish","hentry"],"_links":{"self":[{"href":"https:\/\/www.kiv-tecklenburg.de\/wordpress\/wp-json\/wp\/v2\/pages\/554","targetHints":{"allow":["GET"]}}],"collection":[{"href":"https:\/\/www.kiv-tecklenburg.de\/wordpress\/wp-json\/wp\/v2\/pages"}],"about":[{"href":"https:\/\/www.kiv-tecklenburg.de\/wordpress\/wp-json\/wp\/v2\/types\/page"}],"author":[{"embeddable":true,"href":"https:\/\/www.kiv-tecklenburg.de\/wordpress\/wp-json\/wp\/v2\/users\/4"}],"replies":[{"embeddable":true,"href":"https:\/\/www.kiv-tecklenburg.de\/wordpress\/wp-json\/wp\/v2\/comments?post=554"}],"version-history":[{"count":12,"href":"https:\/\/www.kiv-tecklenburg.de\/wordpress\/wp-json\/wp\/v2\/pages\/554\/revisions"}],"predecessor-version":[{"id":932,"href":"https:\/\/www.kiv-tecklenburg.de\/wordpress\/wp-json\/wp\/v2\/pages\/554\/revisions\/932"}],"wp:attachment":[{"href":"https:\/\/www.kiv-tecklenburg.de\/wordpress\/wp-json\/wp\/v2\/media?parent=554"}],"curies":[{"name":"wp","href":"https:\/\/api.w.org\/{rel}","templated":true}]}}