{"id":205,"date":"2016-10-16T09:29:41","date_gmt":"2016-10-16T07:29:41","guid":{"rendered":"http:\/\/www.kiv-tecklenburg.de\/wordpress\/?page_id=205"},"modified":"2023-08-09T16:36:02","modified_gmt":"2023-08-09T14:36:02","slug":"mitglied-werden","status":"publish","type":"page","link":"https:\/\/www.kiv-tecklenburg.de\/wordpress\/mitglied-werden\/","title":{"rendered":"Mitglied werden &#8230;"},"content":{"rendered":"\n<p>Mit der Mitgliedschaft in einem unserer 5 Mitgliedsvereine ( Mettingen, Kattenvenne, Ibbenb\u00fcren, Westerkappeln und Lengerich) werden Sie automatisch Mitglied im Kreisimkerverein Tecklenburger Land.<\/p>\n\n\n\n<p>Der Beitritt in einen Imkerverein bietet eine Vielzahl von Vorteilen. Diese reichen vom Erfahrungsaustausch, der gegenseitigen Unterst\u00fctzung , Gemeinschaftseink\u00e4ufen und regelm\u00e4\u00dfiger Fortbildung bis hin zum verg\u00fcnstigten Versicherungsschutz oder der M\u00f6glichkeit Honig unter den Warenzeichen des Deutschen Imkerbundes zu verkaufen.<\/p>\n\n\n\n<div class=\"wp-block-media-text alignwide is-stacked-on-mobile\"><figure class=\"wp-block-media-text__media\"><img loading=\"lazy\" decoding=\"async\" width=\"400\" height=\"300\" src=\"https:\/\/www.kiv-tecklenburg.de\/wordpress\/wp-content\/uploads\/2023\/08\/20200708_201126-min.gif\" alt=\"\" class=\"wp-image-533 size-full\"\/><\/figure><div class=\"wp-block-media-text__content\">\n<p>Dabei ist man nicht an seinen Wohnort gebunden. Jeder Imker kann sich seinen Imkerverein auch in einem der Nachbarorte aussuchen. Gr\u00fcnde daf\u00fcr k\u00f6nnen Bekanntschaften, eine besondere Ausstattung des Vereines, eine engmaschige Betreuung von Jungimkern, ein abwechslungsreiches Jahresprogramm oder einfach der Standort der V\u00f6lker sein.<\/p>\n<\/div><\/div>\n\n\n\n<p>Es macht jedoch Sinn, einen Imkerverein in der N\u00e4he des Wohnortes zu suchen, zumindest wenn man als Anf\u00e4nger Unterst\u00fctzung in Form eines Imkerpaten ben\u00f6tigt oder man am Jahresprogramm und Vereinsleben aktiv teilnehmen m\u00f6chte.<\/p>\n\n\n\n<div class=\"wp-block-media-text alignwide has-media-on-the-right is-stacked-on-mobile\"><div class=\"wp-block-media-text__content\">\n<p>Der Kreisimkerverein Tecklenburger Land sieht sich als Bindeglied der hiesigen Imkervereine und setzt sich f\u00fcr diese im Landesverband Westf\u00e4lischer und Lippischer Imker ein.<\/p>\n\n\n\n<p><\/p>\n\n\n\n<p><\/p>\n\n\n\n<p>Bild: Robert Laufer<\/p>\n<\/div><figure class=\"wp-block-media-text__media\"><img loading=\"lazy\" decoding=\"async\" width=\"400\" height=\"300\" src=\"https:\/\/www.kiv-tecklenburg.de\/wordpress\/wp-content\/uploads\/2023\/08\/IMG-20220925-WA0005.gif\" alt=\"\" class=\"wp-image-534 size-full\"\/><\/figure><\/div>\n\n\n\n<p><\/p>\n\n\n\n<p>Er ist Interessenvertretung seiner Mitgliedsvereine, m\u00f6chte das Zusammengeh\u00f6rigkeitsgef\u00fchl aller Imker in der Region st\u00e4rken, Synergien nutzen, und zur Erhaltung und F\u00f6rderung des Imkereiwesens in der Region beitragen.<\/p>\n\n\n<div class=\"wp-block-image\">\n<figure class=\"aligncenter size-full\"><img loading=\"lazy\" decoding=\"async\" width=\"400\" height=\"400\" src=\"https:\/\/www.kiv-tecklenburg.de\/wordpress\/wp-content\/uploads\/2023\/07\/Logo-KIV-dibfarben-trans-2.gif\" alt=\"\" class=\"wp-image-481\"\/><\/figure>\n<\/div>","protected":false},"excerpt":{"rendered":"<p>Mit der Mitgliedschaft in einem unserer 5 Mitgliedsvereine ( Mettingen, Kattenvenne, Ibbenb\u00fcren, Westerkappeln und Lengerich) werden Sie automatisch Mitglied im Kreisimkerverein Tecklenburger Land. Der Beitritt in einen Imkerverein bietet eine Vielzahl von Vorteilen. Diese reichen vom Erfahrungsaustausch, der gegenseitigen Unterst\u00fctzung , Gemeinschaftseink\u00e4ufen und regelm\u00e4\u00dfiger Fortbildung bis hin zum verg\u00fcnstigten Versicherungsschutz oder der M\u00f6glichkeit Honig unter den Warenzeichen des Deutschen Imkerbundes&#8230; <a href=\"https:\/\/www.kiv-tecklenburg.de\/wordpress\/mitglied-werden\/\">Read more &raquo;<\/a><\/p>\n","protected":false},"author":1,"featured_media":0,"parent":0,"menu_order":0,"comment_status":"closed","ping_status":"closed","template":"","meta":{"footnotes":""},"class_list":["post-205","page","type-page","status-publish","hentry"],"_links":{"self":[{"href":"https:\/\/www.kiv-tecklenburg.de\/wordpress\/wp-json\/wp\/v2\/pages\/205","targetHints":{"allow":["GET"]}}],"collection":[{"href":"https:\/\/www.kiv-tecklenburg.de\/wordpress\/wp-json\/wp\/v2\/pages"}],"about":[{"href":"https:\/\/www.kiv-tecklenburg.de\/wordpress\/wp-json\/wp\/v2\/types\/page"}],"author":[{"embeddable":true,"href":"https:\/\/www.kiv-tecklenburg.de\/wordpress\/wp-json\/wp\/v2\/users\/1"}],"replies":[{"embeddable":true,"href":"https:\/\/www.kiv-tecklenburg.de\/wordpress\/wp-json\/wp\/v2\/comments?post=205"}],"version-history":[{"count":7,"href":"https:\/\/www.kiv-tecklenburg.de\/wordpress\/wp-json\/wp\/v2\/pages\/205\/revisions"}],"predecessor-version":[{"id":535,"href":"https:\/\/www.kiv-tecklenburg.de\/wordpress\/wp-json\/wp\/v2\/pages\/205\/revisions\/535"}],"wp:attachment":[{"href":"https:\/\/www.kiv-tecklenburg.de\/wordpress\/wp-json\/wp\/v2\/media?parent=205"}],"curies":[{"name":"wp","href":"https:\/\/api.w.org\/{rel}","templated":true}]}}