{"id":1177,"date":"2026-01-14T19:27:24","date_gmt":"2026-01-14T18:27:24","guid":{"rendered":"https:\/\/www.kiv-tecklenburg.de\/wordpress\/?page_id=1177"},"modified":"2026-01-14T19:39:13","modified_gmt":"2026-01-14T18:39:13","slug":"berater-fuer-die-asiatische-hornisse-und-andere-soziale-faltenwespen","status":"publish","type":"page","link":"https:\/\/www.kiv-tecklenburg.de\/wordpress\/berater-fuer-die-asiatische-hornisse-und-andere-soziale-faltenwespen\/","title":{"rendered":"Berater f\u00fcr die Asiatische Hornisse."},"content":{"rendered":"\n<p>Seit Anfang des Jahres stellt der KIV Tecklenburger Land f\u00fcr seine Mitglieder und die Bev\u00f6lkerung im Altkreis Tecklenburg einen Berater zur Asiatischen Hornisse und weiteren Sozialen Faltenwespen.<\/p>\n\n\n\n<p>Aufgrund seiner langj\u00e4hrigen Besch\u00e4ftigung mit der Materie sind wir sehr gl\u00fccklich, Manuel Osthues vom Imkerverein Kattenvenne, f\u00fcr diese Aufgabe gewonnen zu haben.<br><br>Wir sind dabei, ihn auf dieser Seite geb\u00fchrend vorzustellen.<br>Bis es so weit ist, bitte Kontaktanfragen an mich, Andreas Noll (0162 7019658) oder unter <a href=\"mailto:kontakt@kiv-tecklenburg.de\">kontakt@kiv-tecklenburg.de<\/a>. Ich werde die entsprechenden Anfragen unverz\u00fcglich weiterleiten.<\/p>\n","protected":false},"excerpt":{"rendered":"<p>Seit Anfang des Jahres stellt der KIV Tecklenburger Land f\u00fcr seine Mitglieder und die Bev\u00f6lkerung im Altkreis Tecklenburg einen Berater zur Asiatischen Hornisse und weiteren Sozialen Faltenwespen. Aufgrund seiner langj\u00e4hrigen Besch\u00e4ftigung mit der Materie sind wir sehr gl\u00fccklich, Manuel Osthues vom Imkerverein Kattenvenne, f\u00fcr diese Aufgabe gewonnen zu haben. Wir sind dabei, ihn auf dieser Seite geb\u00fchrend vorzustellen.Bis es so&#8230; <a href=\"https:\/\/www.kiv-tecklenburg.de\/wordpress\/berater-fuer-die-asiatische-hornisse-und-andere-soziale-faltenwespen\/\">Read more &raquo;<\/a><\/p>\n","protected":false},"author":4,"featured_media":0,"parent":0,"menu_order":0,"comment_status":"closed","ping_status":"closed","template":"","meta":{"footnotes":""},"class_list":["post-1177","page","type-page","status-publish","hentry"],"_links":{"self":[{"href":"https:\/\/www.kiv-tecklenburg.de\/wordpress\/wp-json\/wp\/v2\/pages\/1177","targetHints":{"allow":["GET"]}}],"collection":[{"href":"https:\/\/www.kiv-tecklenburg.de\/wordpress\/wp-json\/wp\/v2\/pages"}],"about":[{"href":"https:\/\/www.kiv-tecklenburg.de\/wordpress\/wp-json\/wp\/v2\/types\/page"}],"author":[{"embeddable":true,"href":"https:\/\/www.kiv-tecklenburg.de\/wordpress\/wp-json\/wp\/v2\/users\/4"}],"replies":[{"embeddable":true,"href":"https:\/\/www.kiv-tecklenburg.de\/wordpress\/wp-json\/wp\/v2\/comments?post=1177"}],"version-history":[{"count":5,"href":"https:\/\/www.kiv-tecklenburg.de\/wordpress\/wp-json\/wp\/v2\/pages\/1177\/revisions"}],"predecessor-version":[{"id":1186,"href":"https:\/\/www.kiv-tecklenburg.de\/wordpress\/wp-json\/wp\/v2\/pages\/1177\/revisions\/1186"}],"wp:attachment":[{"href":"https:\/\/www.kiv-tecklenburg.de\/wordpress\/wp-json\/wp\/v2\/media?parent=1177"}],"curies":[{"name":"wp","href":"https:\/\/api.w.org\/{rel}","templated":true}]}}