{"id":111,"date":"2016-03-10T16:34:34","date_gmt":"2016-03-10T15:34:34","guid":{"rendered":"http:\/\/www.kiv-tecklenburg.de\/wordpress\/?page_id=111"},"modified":"2023-08-26T07:46:10","modified_gmt":"2023-08-26T05:46:10","slug":"ueber-uns","status":"publish","type":"page","link":"https:\/\/www.kiv-tecklenburg.de\/wordpress\/ueber-uns\/","title":{"rendered":"\u00dcber uns"},"content":{"rendered":"\n<p><\/p>\n\n\n\n<p><\/p>\n\n\n\n<div class=\"wp-block-media-text alignwide is-stacked-on-mobile\"><figure class=\"wp-block-media-text__media\"><img loading=\"lazy\" decoding=\"async\" width=\"400\" height=\"400\" src=\"https:\/\/www.kiv-tecklenburg.de\/wordpress\/wp-content\/uploads\/2023\/07\/Logo-KIV-dibfarben-trans-2.gif\" alt=\"\" class=\"wp-image-481 size-full\"\/><\/figure><div class=\"wp-block-media-text__content\">\n<p>Der KIV-Tecklenburger Land (Mitglied im Deutschen Imkerbund und Landesverband Westf. und Lippischer Imker e.V.) besteht aus 5 Ortsvereinen und hat ca. 260 Mitglieder sowie rund 2000 Bienenv\u00f6lker (Stand: August 2023).<\/p>\n\n\n\n<p>Er ist ein Bindeglied zwischen den Ortsvereinen und dem Landesverband, vertritt die Interessen seiner Mitglieder, f\u00f6rdert deren Vernetzung und ist vereins\u00fcbergreifende Anlaufstelle f\u00fcr die Belange der Imkerei in der Region.<\/p>\n<\/div><\/div>\n\n\n\n<div class=\"wp-block-group\"><div class=\"wp-block-group__inner-container is-layout-constrained wp-block-group-is-layout-constrained\">\n<div class=\"wp-block-columns is-layout-flex wp-container-core-columns-is-layout-9d6595d7 wp-block-columns-is-layout-flex\">\n<div class=\"wp-block-column is-layout-flow wp-block-column-is-layout-flow\" style=\"flex-basis:100%\">\n<p>Ziel dieser Seite ist es ein zentraler Anlaufpunkt zur Imkerei im Tecklenburger Land zu sein.<\/p>\n\n\n\n<div class=\"wp-block-media-text alignwide has-media-on-the-right is-stacked-on-mobile\"><div class=\"wp-block-media-text__content\">\n<p>Das Tecklenburger Land ist gepr\u00e4gt von einer abwechslungsreichen und malerischen Landschaft, die ideale Bedingungen f\u00fcr das Imkern bietet. Gr\u00fcne Wiesen, W\u00e4lder, naturbelassene Auen, Naturschutzgebiete und landwirtschaftliche Nutzfl\u00e4chen laden dazu ein. Nicht zuletzt deshalb hat die Imkerei im Tecklenburger Land eine jahrhundertealte Tradition.<\/p>\n\n\n\n<p><\/p>\n\n\n\n<p class=\"has-text-align-center\">Bild: Frank Pleimann, Robert Laufer<\/p>\n<\/div><figure class=\"wp-block-media-text__media\"><img loading=\"lazy\" decoding=\"async\" width=\"1024\" height=\"1024\" src=\"https:\/\/www.kiv-tecklenburg.de\/wordpress\/wp-content\/uploads\/2023\/07\/PCIMG_2023-07-29_21-44-17-1024x1024.jpg\" alt=\"\" class=\"wp-image-483 size-full\" srcset=\"https:\/\/www.kiv-tecklenburg.de\/wordpress\/wp-content\/uploads\/2023\/07\/PCIMG_2023-07-29_21-44-17-1024x1024.jpg 1024w, https:\/\/www.kiv-tecklenburg.de\/wordpress\/wp-content\/uploads\/2023\/07\/PCIMG_2023-07-29_21-44-17-300x300.jpg 300w, https:\/\/www.kiv-tecklenburg.de\/wordpress\/wp-content\/uploads\/2023\/07\/PCIMG_2023-07-29_21-44-17-150x150.jpg 150w, https:\/\/www.kiv-tecklenburg.de\/wordpress\/wp-content\/uploads\/2023\/07\/PCIMG_2023-07-29_21-44-17-768x768.jpg 768w, https:\/\/www.kiv-tecklenburg.de\/wordpress\/wp-content\/uploads\/2023\/07\/PCIMG_2023-07-29_21-44-17-624x624.jpg 624w, https:\/\/www.kiv-tecklenburg.de\/wordpress\/wp-content\/uploads\/2023\/07\/PCIMG_2023-07-29_21-44-17-176x176.jpg 176w, https:\/\/www.kiv-tecklenburg.de\/wordpress\/wp-content\/uploads\/2023\/07\/PCIMG_2023-07-29_21-44-17-60x60.jpg 60w, https:\/\/www.kiv-tecklenburg.de\/wordpress\/wp-content\/uploads\/2023\/07\/PCIMG_2023-07-29_21-44-17.jpg 1080w\" sizes=\"auto, (max-width: 1024px) 100vw, 1024px\" \/><\/figure><\/div>\n\n\n\n<p class=\"has-text-align-center\">Die Stadt Ladbergen beispielsweise hat in Erinnerung an diese Tradition zwei goldene Honigbienen in ihrem Stadtwappen.<\/p>\n\n\n<div class=\"wp-block-image\">\n<figure class=\"aligncenter size-full\"><img loading=\"lazy\" decoding=\"async\" width=\"132\" height=\"150\" src=\"https:\/\/www.kiv-tecklenburg.de\/wordpress\/wp-content\/uploads\/2023\/07\/Wappen-Ladbergen1-3.png\" alt=\"\" class=\"wp-image-505\"\/><\/figure>\n<\/div>\n\n\n<div class=\"wp-block-media-text alignwide has-media-on-the-right is-stacked-on-mobile\"><div class=\"wp-block-media-text__content\">\n<p>Die Honigbiene, das kleinste Nutztier des Menschen, ist zugleich eines der wichtigsten. Honigbienen sind unersetzlich bei der Best\u00e4ubung vieler Pflanzenarten und sorgen so f\u00fcr eine erfolgreiche Fortpflanzung der Pflanzen. Ohne Honigbienen und andere Best\u00e4uberarten w\u00fcrde die Produktion von Obst, Gem\u00fcse und anderen Nutzpflanzen erheblich zur\u00fcckgehen. Durch Ihren gro\u00dfen Flugradius und der hohen Volkst\u00e4rke sind sie in weiten Teilen der landwirtschaftlichen Nutzpflanzen anderen Best\u00e4ubern weit \u00fcberlegen.<\/p>\n\n\n\n<p>Bild: Kai Wenzel<\/p>\n<\/div><figure class=\"wp-block-media-text__media\"><img loading=\"lazy\" decoding=\"async\" width=\"400\" height=\"300\" src=\"https:\/\/www.kiv-tecklenburg.de\/wordpress\/wp-content\/uploads\/2023\/07\/Kai-Wenzel.gif\" alt=\"\" class=\"wp-image-499 size-full\"\/><\/figure><\/div>\n\n\n\n<p>Die Honigbiene fliegt bevorzugt Massentrachten an und ist im Gegensatz zu anderen Bienenarten nur m\u00e4\u00dfig an unseren Wildpflanzen interessiert. Aus diesem Grunde stellt sie auch keine ernstzunehmende Konkurrenz f\u00fcr Wildbienen dar. Diese leiden in erster Linie an mangelnden Nistpl\u00e4tzen wie Abbruchkanten, vegetationsarmen B\u00f6schungen oder unbefestigten Wegen. Hinzu kommt deren verbreite Spezialisierung auf einzelne heimische Wildpflanzen, die in unseren St\u00e4dten, G\u00e4rten und der Landschaft keine Chance haben und in der Regel aktiv bek\u00e4mpft werden.<\/p>\n\n\n\n<p>Honigbienen sind auch als Wildtier seit ca. 40 Millionen Jahren, schon lange vor dem Auftauchen der Menschen, in Deutschland heimisch und verbreitet. Die zuletzt urspr\u00fcnglich, hier heimische Rasse ist jedoch als Wildtier ausgestorben und wird nur noch in der Hand weniger Liebhaber gez\u00fcchtet. Die heutigen Rassen f\u00fcllen diese Best\u00e4ubungsl\u00fccke jedoch aus, auch wenn es derzeit nur die H\u00e4lfte der Bienenv\u00f6lker gegen\u00fcber den 50er Jahren gibt.<\/p>\n\n\n\n<p><span class=\"gross\">Ideale Bedingungen f\u00fcr das Imkern bietet das Tecklenburger Land mit seinen sch\u00f6nen und abwechslungsreichen Landschaften. Gr\u00fcne Wiesen, W\u00e4lder, naturbelassene Auen, Naturschutzgebiete und landwirtschaftliche Nutzfl\u00e4chen laden dazu ein.<\/span><\/p>\n\n\n\n<figure class=\"wp-block-image size-large\"><img loading=\"lazy\" decoding=\"async\" width=\"1024\" height=\"1024\" src=\"https:\/\/www.kiv-tecklenburg.de\/wordpress\/wp-content\/uploads\/2023\/07\/PCIMG_2023-07-29_21-57-06-1024x1024.jpg\" alt=\"\" class=\"wp-image-494\" srcset=\"https:\/\/www.kiv-tecklenburg.de\/wordpress\/wp-content\/uploads\/2023\/07\/PCIMG_2023-07-29_21-57-06-1024x1024.jpg 1024w, https:\/\/www.kiv-tecklenburg.de\/wordpress\/wp-content\/uploads\/2023\/07\/PCIMG_2023-07-29_21-57-06-300x300.jpg 300w, https:\/\/www.kiv-tecklenburg.de\/wordpress\/wp-content\/uploads\/2023\/07\/PCIMG_2023-07-29_21-57-06-150x150.jpg 150w, https:\/\/www.kiv-tecklenburg.de\/wordpress\/wp-content\/uploads\/2023\/07\/PCIMG_2023-07-29_21-57-06-768x768.jpg 768w, https:\/\/www.kiv-tecklenburg.de\/wordpress\/wp-content\/uploads\/2023\/07\/PCIMG_2023-07-29_21-57-06-624x624.jpg 624w, https:\/\/www.kiv-tecklenburg.de\/wordpress\/wp-content\/uploads\/2023\/07\/PCIMG_2023-07-29_21-57-06-176x176.jpg 176w, https:\/\/www.kiv-tecklenburg.de\/wordpress\/wp-content\/uploads\/2023\/07\/PCIMG_2023-07-29_21-57-06-60x60.jpg 60w, https:\/\/www.kiv-tecklenburg.de\/wordpress\/wp-content\/uploads\/2023\/07\/PCIMG_2023-07-29_21-57-06.jpg 1080w\" sizes=\"auto, (max-width: 1024px) 100vw, 1024px\" \/><figcaption class=\"wp-element-caption\">Bild: Andrea Weiligmann<\/figcaption><\/figure>\n\n\n\n<p><span class=\"gross\">Die Honi<\/span><span class=\"gross\">gbiene, das kleinste Nutztier des Menschen, ist zugleich eines der wichtigsten. Honigbienen sind <\/span><span class=\"gross\">unersetzlich bei der Best\u00e4ubung von Nutzpflanzen.<br>Sie sammeln Nektar, Honigtau, Pollen und Harz. Bienenprodukte werden seit Jahrtausenden als Nahrungs- und Heilmittel verwendet.<\/span><\/p>\n<\/div>\n<\/div>\n<\/div><\/div>\n","protected":false},"excerpt":{"rendered":"<p>Der KIV-Tecklenburger Land (Mitglied im Deutschen Imkerbund und Landesverband Westf. und Lippischer Imker e.V.) besteht aus 5 Ortsvereinen und hat ca. 260 Mitglieder sowie rund 2000 Bienenv\u00f6lker (Stand: August 2023). Er ist ein Bindeglied zwischen den Ortsvereinen und dem Landesverband, vertritt die Interessen seiner Mitglieder, f\u00f6rdert deren Vernetzung und ist vereins\u00fcbergreifende Anlaufstelle f\u00fcr die Belange der Imkerei in der Region&#8230;. <a href=\"https:\/\/www.kiv-tecklenburg.de\/wordpress\/ueber-uns\/\">Read more &raquo;<\/a><\/p>\n","protected":false},"author":1,"featured_media":0,"parent":0,"menu_order":0,"comment_status":"closed","ping_status":"closed","template":"","meta":{"footnotes":""},"class_list":["post-111","page","type-page","status-publish","hentry"],"_links":{"self":[{"href":"https:\/\/www.kiv-tecklenburg.de\/wordpress\/wp-json\/wp\/v2\/pages\/111","targetHints":{"allow":["GET"]}}],"collection":[{"href":"https:\/\/www.kiv-tecklenburg.de\/wordpress\/wp-json\/wp\/v2\/pages"}],"about":[{"href":"https:\/\/www.kiv-tecklenburg.de\/wordpress\/wp-json\/wp\/v2\/types\/page"}],"author":[{"embeddable":true,"href":"https:\/\/www.kiv-tecklenburg.de\/wordpress\/wp-json\/wp\/v2\/users\/1"}],"replies":[{"embeddable":true,"href":"https:\/\/www.kiv-tecklenburg.de\/wordpress\/wp-json\/wp\/v2\/comments?post=111"}],"version-history":[{"count":23,"href":"https:\/\/www.kiv-tecklenburg.de\/wordpress\/wp-json\/wp\/v2\/pages\/111\/revisions"}],"predecessor-version":[{"id":680,"href":"https:\/\/www.kiv-tecklenburg.de\/wordpress\/wp-json\/wp\/v2\/pages\/111\/revisions\/680"}],"wp:attachment":[{"href":"https:\/\/www.kiv-tecklenburg.de\/wordpress\/wp-json\/wp\/v2\/media?parent=111"}],"curies":[{"name":"wp","href":"https:\/\/api.w.org\/{rel}","templated":true}]}}